{"id":35491,"date":"2025-05-04T14:29:51","date_gmt":"2025-05-04T14:29:51","guid":{"rendered":"https:\/\/sventasmiskas.bool.lt\/parduotuve\/rytmecio-sviesa\/"},"modified":"2025-10-28T19:34:32","modified_gmt":"2025-10-28T19:34:32","slug":"rytmecio-sviesa","status":"publish","type":"product","link":"https:\/\/sventasmiskas.lt\/en\/parduotuve\/rytmecio-sviesa\/","title":{"rendered":"Rytme\u010dio \u0161viesa"},"content":{"rendered":"<p>\u269c Vienetinis gamti\u0161ko stiliaus auksinis \u017eiedas.\u269c \u017diedas su 0,5 ct dyd\u017eio nat\u016braliu briliantu. Deimanto autenti\u0161kumas patvirtintas prabavimo r\u016bm\u0173 etiket\u0117je, brangakmenio specifikacijos para\u0161ytos paskutin\u0117je nuotraukoje.\u269c Prabuota Latvijos prabavimo r\u016bmuose, rausvas auksas, praba 585, \u017eiedas sveria 1,74 g.\u269c Dydis 17,3 (esant poreikiui \u017eiedas gali b\u016bti pama\u017eintas ar padidintas).\u269c Papuo\u0161alas parduodamas supakuotas medin\u0117je rank\u0173 darbo d\u0117\u017eut\u0117je.<\/p>","protected":false},"excerpt":{"rendered":"<p>\u269c Vienetinis gamti\u0161ko stiliaus auksinis \u017eiedas.\u269c \u017diedas su 0,5 ct dyd\u017eio nat\u016braliu briliantu. Deimanto autenti\u0161kumas patvirtintas prabavimo r\u016bm\u0173 etiket\u0117je, brangakmenio<\/p>","protected":false},"featured_media":35490,"template":"","meta":[],"product_brand":[],"product_cat":[124],"product_tag":[],"class_list":{"0":"post-35491","1":"product","2":"type-product","3":"status-publish","4":"has-post-thumbnail","6":"product_cat-ziedai","8":"first","9":"outofstock","10":"taxable","11":"shipping-taxable","12":"purchasable","13":"product-type-simple"},"jetpack_sharing_enabled":true,"_links":{"self":[{"href":"https:\/\/sventasmiskas.lt\/en\/wp-json\/wp\/v2\/product\/35491","targetHints":{"allow":["GET"]}}],"collection":[{"href":"https:\/\/sventasmiskas.lt\/en\/wp-json\/wp\/v2\/product"}],"about":[{"href":"https:\/\/sventasmiskas.lt\/en\/wp-json\/wp\/v2\/types\/product"}],"wp:featuredmedia":[{"embeddable":true,"href":"https:\/\/sventasmiskas.lt\/en\/wp-json\/wp\/v2\/media\/35490"}],"wp:attachment":[{"href":"https:\/\/sventasmiskas.lt\/en\/wp-json\/wp\/v2\/media?parent=35491"}],"wp:term":[{"taxonomy":"product_brand","embeddable":true,"href":"https:\/\/sventasmiskas.lt\/en\/wp-json\/wp\/v2\/product_brand?post=35491"},{"taxonomy":"product_cat","embeddable":true,"href":"https:\/\/sventasmiskas.lt\/en\/wp-json\/wp\/v2\/product_cat?post=35491"},{"taxonomy":"product_tag","embeddable":true,"href":"https:\/\/sventasmiskas.lt\/en\/wp-json\/wp\/v2\/product_tag?post=35491"}],"curies":[{"name":"wp","href":"https:\/\/api.w.org\/{rel}","templated":true}]}}