{"id":35488,"date":"2025-05-04T14:29:44","date_gmt":"2025-05-04T14:29:44","guid":{"rendered":"https:\/\/sventasmiskas.bool.lt\/parduotuve\/naturaliu-ametistu-auskarai-2\/"},"modified":"2025-10-28T19:34:32","modified_gmt":"2025-10-28T19:34:32","slug":"naturaliu-ametistu-auskarai-2","status":"publish","type":"product","link":"https:\/\/sventasmiskas.lt\/en\/parduotuve\/naturaliu-ametistu-auskarai-2\/","title":{"rendered":"Nat\u016brali\u0173 ametist\u0173 auskarai"},"content":{"rendered":"<p>\u269c\ufe0e Nedideli auskarai su ametistais tinkami ne\u0161ioti kasdien.\u269c\ufe0e Auskarai sukurti i\u0161 vario, dengto grynu sidabru.\u269c\ufe0e Auskar\u0173 \u012fsegimai sukurti i\u0161 hipoalerginio plieno, tad tinkami ir pa\u010dioms jautriausioms ausims.\u269c Papuo\u0161alas parduodamas supakuotas dovan\u0173 pakuot\u0117je.<\/p>","protected":false},"excerpt":{"rendered":"<p>\u269c\ufe0e Nedideli auskarai su ametistais tinkami ne\u0161ioti kasdien.\u269c\ufe0e Auskarai sukurti i\u0161 vario, dengto grynu sidabru.\u269c\ufe0e Auskar\u0173 \u012fsegimai sukurti i\u0161 hipoalerginio<\/p>","protected":false},"featured_media":35487,"template":"","meta":[],"product_brand":[],"product_cat":[123],"product_tag":[],"class_list":{"0":"post-35488","1":"product","2":"type-product","3":"status-publish","4":"has-post-thumbnail","6":"product_cat-auskarai","8":"first","9":"outofstock","10":"taxable","11":"shipping-taxable","12":"purchasable","13":"product-type-simple"},"jetpack_sharing_enabled":true,"_links":{"self":[{"href":"https:\/\/sventasmiskas.lt\/en\/wp-json\/wp\/v2\/product\/35488","targetHints":{"allow":["GET"]}}],"collection":[{"href":"https:\/\/sventasmiskas.lt\/en\/wp-json\/wp\/v2\/product"}],"about":[{"href":"https:\/\/sventasmiskas.lt\/en\/wp-json\/wp\/v2\/types\/product"}],"wp:featuredmedia":[{"embeddable":true,"href":"https:\/\/sventasmiskas.lt\/en\/wp-json\/wp\/v2\/media\/35487"}],"wp:attachment":[{"href":"https:\/\/sventasmiskas.lt\/en\/wp-json\/wp\/v2\/media?parent=35488"}],"wp:term":[{"taxonomy":"product_brand","embeddable":true,"href":"https:\/\/sventasmiskas.lt\/en\/wp-json\/wp\/v2\/product_brand?post=35488"},{"taxonomy":"product_cat","embeddable":true,"href":"https:\/\/sventasmiskas.lt\/en\/wp-json\/wp\/v2\/product_cat?post=35488"},{"taxonomy":"product_tag","embeddable":true,"href":"https:\/\/sventasmiskas.lt\/en\/wp-json\/wp\/v2\/product_tag?post=35488"}],"curies":[{"name":"wp","href":"https:\/\/api.w.org\/{rel}","templated":true}]}}