{"id":35469,"date":"2025-05-04T14:28:27","date_gmt":"2025-05-04T14:28:27","guid":{"rendered":"https:\/\/sventasmiskas.bool.lt\/parduotuve\/zemes-galia\/"},"modified":"2025-10-28T19:34:32","modified_gmt":"2025-10-28T19:34:32","slug":"zemes-galia","status":"publish","type":"product","link":"https:\/\/sventasmiskas.lt\/en\/parduotuve\/zemes-galia\/","title":{"rendered":"\u017dem\u0117s galia"},"content":{"rendered":"<p>\u269c Vienetinis organi\u0161ko stiliaus rank\u0173 darbo \u017eiedas.\u269c \u017diedas su 4,1 mm dyd\u017eio deimantu. Deimanto autenti\u0161kumas patvirtintas prabavimo r\u016bm\u0173 etiket\u0117je, brangakmenio specifikacijos para\u0161ytos paskutin\u0117je nuotraukoje.\u269c Prabuota Latvijos prabavimo r\u016bmuose, rausvas auksas, praba 585, \u017eiedas sveria 2,04 g.\u269c Dydis 16,5.\u269c Papuo\u0161alas parduodamas supakuotas medin\u0117je rank\u0173 darbo d\u0117\u017eut\u0117je.<\/p>","protected":false},"excerpt":{"rendered":"<p>\u269c Vienetinis organi\u0161ko stiliaus rank\u0173 darbo \u017eiedas.\u269c \u017diedas su 4,1 mm dyd\u017eio deimantu. Deimanto autenti\u0161kumas patvirtintas prabavimo r\u016bm\u0173 etiket\u0117je, brangakmenio<\/p>","protected":false},"featured_media":35468,"template":"","meta":[],"product_brand":[],"product_cat":[124],"product_tag":[],"class_list":{"0":"post-35469","1":"product","2":"type-product","3":"status-publish","4":"has-post-thumbnail","6":"product_cat-ziedai","8":"first","9":"outofstock","10":"taxable","11":"shipping-taxable","12":"purchasable","13":"product-type-simple"},"jetpack_sharing_enabled":true,"_links":{"self":[{"href":"https:\/\/sventasmiskas.lt\/en\/wp-json\/wp\/v2\/product\/35469","targetHints":{"allow":["GET"]}}],"collection":[{"href":"https:\/\/sventasmiskas.lt\/en\/wp-json\/wp\/v2\/product"}],"about":[{"href":"https:\/\/sventasmiskas.lt\/en\/wp-json\/wp\/v2\/types\/product"}],"wp:featuredmedia":[{"embeddable":true,"href":"https:\/\/sventasmiskas.lt\/en\/wp-json\/wp\/v2\/media\/35468"}],"wp:attachment":[{"href":"https:\/\/sventasmiskas.lt\/en\/wp-json\/wp\/v2\/media?parent=35469"}],"wp:term":[{"taxonomy":"product_brand","embeddable":true,"href":"https:\/\/sventasmiskas.lt\/en\/wp-json\/wp\/v2\/product_brand?post=35469"},{"taxonomy":"product_cat","embeddable":true,"href":"https:\/\/sventasmiskas.lt\/en\/wp-json\/wp\/v2\/product_cat?post=35469"},{"taxonomy":"product_tag","embeddable":true,"href":"https:\/\/sventasmiskas.lt\/en\/wp-json\/wp\/v2\/product_tag?post=35469"}],"curies":[{"name":"wp","href":"https:\/\/api.w.org\/{rel}","templated":true}]}}