{"id":35459,"date":"2025-05-04T14:28:01","date_gmt":"2025-05-04T14:28:01","guid":{"rendered":"https:\/\/sventasmiskas.bool.lt\/parduotuve\/blyski-sviesa\/"},"modified":"2025-10-28T19:34:33","modified_gmt":"2025-10-28T19:34:33","slug":"blyski-sviesa","status":"publish","type":"product","link":"https:\/\/sventasmiskas.lt\/en\/parduotuve\/blyski-sviesa\/","title":{"rendered":"Bly\u0161ki \u0161viesa"},"content":{"rendered":"<p>\u269c Autorinis unikalaus dizaino rank\u0173 darbo \u017eiedas.\u269c \u017diedas su nat\u016braliu citrino akmeniu, akmens dydis 20 x 17 mm.\u269c Prabuota Lietuvos prabavimo r\u016bmuose, sidabro praba 925, svoris 10,35 g. \u269c \u017diedo dydis 18. \u269c Papuo\u0161alas parduodamas supakuotas medin\u0117je rank\u0173 darbo d\u0117\u017eut\u0117je.<\/p>","protected":false},"excerpt":{"rendered":"<p>\u269c Autorinis unikalaus dizaino rank\u0173 darbo \u017eiedas.\u269c \u017diedas su nat\u016braliu citrino akmeniu, akmens dydis 20 x 17 mm.\u269c Prabuota Lietuvos<\/p>","protected":false},"featured_media":35458,"template":"","meta":[],"product_brand":[],"product_cat":[124],"product_tag":[],"class_list":{"0":"post-35459","1":"product","2":"type-product","3":"status-publish","4":"has-post-thumbnail","6":"product_cat-ziedai","8":"first","9":"outofstock","10":"taxable","11":"shipping-taxable","12":"purchasable","13":"product-type-simple"},"jetpack_sharing_enabled":true,"_links":{"self":[{"href":"https:\/\/sventasmiskas.lt\/en\/wp-json\/wp\/v2\/product\/35459","targetHints":{"allow":["GET"]}}],"collection":[{"href":"https:\/\/sventasmiskas.lt\/en\/wp-json\/wp\/v2\/product"}],"about":[{"href":"https:\/\/sventasmiskas.lt\/en\/wp-json\/wp\/v2\/types\/product"}],"wp:featuredmedia":[{"embeddable":true,"href":"https:\/\/sventasmiskas.lt\/en\/wp-json\/wp\/v2\/media\/35458"}],"wp:attachment":[{"href":"https:\/\/sventasmiskas.lt\/en\/wp-json\/wp\/v2\/media?parent=35459"}],"wp:term":[{"taxonomy":"product_brand","embeddable":true,"href":"https:\/\/sventasmiskas.lt\/en\/wp-json\/wp\/v2\/product_brand?post=35459"},{"taxonomy":"product_cat","embeddable":true,"href":"https:\/\/sventasmiskas.lt\/en\/wp-json\/wp\/v2\/product_cat?post=35459"},{"taxonomy":"product_tag","embeddable":true,"href":"https:\/\/sventasmiskas.lt\/en\/wp-json\/wp\/v2\/product_tag?post=35459"}],"curies":[{"name":"wp","href":"https:\/\/api.w.org\/{rel}","templated":true}]}}