{"id":35452,"date":"2025-05-04T14:27:31","date_gmt":"2025-05-04T14:27:31","guid":{"rendered":"https:\/\/sventasmiskas.bool.lt\/parduotuve\/ledo-zvaigzde\/"},"modified":"2025-10-28T19:34:33","modified_gmt":"2025-10-28T19:34:33","slug":"ledo-zvaigzde","status":"publish","type":"product","link":"https:\/\/sventasmiskas.lt\/en\/parduotuve\/ledo-zvaigzde\/","title":{"rendered":"Ledo \u017evaig\u017ed\u0117"},"content":{"rendered":"<p>\u269c\ufe0e \u0160viesaus sidabro \u017eiedas su topazo akmeniu. \u269c\ufe0e \u017diedo dydis 16, 5. \u269c\ufe0e Prabuota Latvijos prabavimo r\u016bmuose, \u017eiedo svoris 1,72 g, sidabro praba 925.\u269c Papuo\u0161alas parduodamas supakuotas medin\u0117je rank\u0173 darbo dovan\u0173 d\u0117\u017eut\u0117je.<\/p>","protected":false},"excerpt":{"rendered":"<p>\u269c\ufe0e \u0160viesaus sidabro \u017eiedas su topazo akmeniu. \u269c\ufe0e \u017diedo dydis 16, 5. \u269c\ufe0e Prabuota Latvijos prabavimo r\u016bmuose, \u017eiedo svoris 1,72<\/p>","protected":false},"featured_media":35451,"template":"","meta":[],"product_brand":[],"product_cat":[124],"product_tag":[],"class_list":{"0":"post-35452","1":"product","2":"type-product","3":"status-publish","4":"has-post-thumbnail","6":"product_cat-ziedai","8":"first","9":"outofstock","10":"taxable","11":"shipping-taxable","12":"purchasable","13":"product-type-simple"},"jetpack_sharing_enabled":true,"_links":{"self":[{"href":"https:\/\/sventasmiskas.lt\/en\/wp-json\/wp\/v2\/product\/35452","targetHints":{"allow":["GET"]}}],"collection":[{"href":"https:\/\/sventasmiskas.lt\/en\/wp-json\/wp\/v2\/product"}],"about":[{"href":"https:\/\/sventasmiskas.lt\/en\/wp-json\/wp\/v2\/types\/product"}],"wp:featuredmedia":[{"embeddable":true,"href":"https:\/\/sventasmiskas.lt\/en\/wp-json\/wp\/v2\/media\/35451"}],"wp:attachment":[{"href":"https:\/\/sventasmiskas.lt\/en\/wp-json\/wp\/v2\/media?parent=35452"}],"wp:term":[{"taxonomy":"product_brand","embeddable":true,"href":"https:\/\/sventasmiskas.lt\/en\/wp-json\/wp\/v2\/product_brand?post=35452"},{"taxonomy":"product_cat","embeddable":true,"href":"https:\/\/sventasmiskas.lt\/en\/wp-json\/wp\/v2\/product_cat?post=35452"},{"taxonomy":"product_tag","embeddable":true,"href":"https:\/\/sventasmiskas.lt\/en\/wp-json\/wp\/v2\/product_tag?post=35452"}],"curies":[{"name":"wp","href":"https:\/\/api.w.org\/{rel}","templated":true}]}}