{"id":35449,"date":"2025-05-04T14:27:18","date_gmt":"2025-05-04T14:27:18","guid":{"rendered":"https:\/\/sventasmiskas.bool.lt\/parduotuve\/marsas\/"},"modified":"2025-12-30T10:36:56","modified_gmt":"2025-12-30T10:36:56","slug":"marsas","status":"publish","type":"product","link":"https:\/\/sventasmiskas.lt\/en\/parduotuve\/marsas\/","title":{"rendered":"Marsas"},"content":{"rendered":"<p>\u269c\ufe0e Vienetinis sidabro \u017eiedas su smulkiais, nat\u016braliais, neapdirbtais lab. rubino akmenimis.\u269c\ufe0e Sukurta i\u0161 925 ir 999 prabos sidabro, sveria 1,46 g.\u269c\ufe0e \u017diedo dydis 16,4.\u269c\ufe0e Prabuota Lietuvos prabavimo r\u016bmuose.\u269c Papuo\u0161alas atkeliauja supakuotas medin\u0117je rank\u0173 darbo dovan\u0173 d\u0117\u017eut\u0117je.<\/p>","protected":false},"excerpt":{"rendered":"<p>\u269c\ufe0e Vienetinis sidabro \u017eiedas su smulkiais, nat\u016braliais, neapdirbtais lab. rubino akmenimis.\u269c\ufe0e Sukurta i\u0161 925 ir 999 prabos sidabro, sveria 1,46<\/p>","protected":false},"featured_media":35448,"template":"","meta":[],"product_brand":[],"product_cat":[124],"product_tag":[],"class_list":{"0":"post-35449","1":"product","2":"type-product","3":"status-publish","4":"has-post-thumbnail","6":"product_cat-ziedai","8":"first","9":"outofstock","10":"taxable","11":"shipping-taxable","12":"purchasable","13":"product-type-simple"},"jetpack_sharing_enabled":true,"_links":{"self":[{"href":"https:\/\/sventasmiskas.lt\/en\/wp-json\/wp\/v2\/product\/35449","targetHints":{"allow":["GET"]}}],"collection":[{"href":"https:\/\/sventasmiskas.lt\/en\/wp-json\/wp\/v2\/product"}],"about":[{"href":"https:\/\/sventasmiskas.lt\/en\/wp-json\/wp\/v2\/types\/product"}],"wp:featuredmedia":[{"embeddable":true,"href":"https:\/\/sventasmiskas.lt\/en\/wp-json\/wp\/v2\/media\/35448"}],"wp:attachment":[{"href":"https:\/\/sventasmiskas.lt\/en\/wp-json\/wp\/v2\/media?parent=35449"}],"wp:term":[{"taxonomy":"product_brand","embeddable":true,"href":"https:\/\/sventasmiskas.lt\/en\/wp-json\/wp\/v2\/product_brand?post=35449"},{"taxonomy":"product_cat","embeddable":true,"href":"https:\/\/sventasmiskas.lt\/en\/wp-json\/wp\/v2\/product_cat?post=35449"},{"taxonomy":"product_tag","embeddable":true,"href":"https:\/\/sventasmiskas.lt\/en\/wp-json\/wp\/v2\/product_tag?post=35449"}],"curies":[{"name":"wp","href":"https:\/\/api.w.org\/{rel}","templated":true}]}}