{"id":35445,"date":"2025-05-04T14:27:11","date_gmt":"2025-05-04T14:27:11","guid":{"rendered":"https:\/\/sventasmiskas.bool.lt\/?post_type=product&#038;p=35445"},"modified":"2025-10-28T19:34:40","modified_gmt":"2025-10-28T19:34:40","slug":"dangiskasis-globejas-auksinis","status":"publish","type":"product","link":"https:\/\/sventasmiskas.lt\/en\/parduotuve\/dangiskasis-globejas-auksinis\/","title":{"rendered":"Heavenly Guardian \/ Golden"},"content":{"rendered":"<p>\u269c Nedidelis geltono aukso pakabukas su 1,5 mm dyd\u017eio nat\u016braliu m\u0117lynu deimantu .\u269c Prabuota Latvijos prabavimo r\u016bmuose. Aukso praba 585, pakabuko svoris 1,33 g. Deimanto autenti\u0161kumas patvirtintas prabavimo r\u016bm\u0173 etiket\u0117je, brangakmenio specifikacijos \u012fra\u0161ytos paskutin\u0117je nuotraukoje.\u269c Papuo\u0161alas parduodamas supakuotas medin\u0117je rank\u0173 darbo dovan\u0173 d\u0117\u017eut\u0117je.<\/p>","protected":false},"excerpt":{"rendered":"<p>\u269c Nedidelis geltono aukso pakabukas su 1,5 mm dyd\u017eio nat\u016braliu m\u0117lynu deimantu .\u269c Prabuota Latvijos prabavimo r\u016bmuose. Aukso praba 585,<\/p>","protected":false},"featured_media":35475,"template":"","meta":[],"product_brand":[],"product_cat":[125],"product_tag":[],"class_list":{"0":"post-35445","1":"product","2":"type-product","3":"status-publish","4":"has-post-thumbnail","6":"product_cat-kaklo-papuosalai","8":"first","9":"outofstock","10":"taxable","11":"shipping-taxable","12":"purchasable","13":"product-type-variable"},"jetpack_sharing_enabled":true,"_links":{"self":[{"href":"https:\/\/sventasmiskas.lt\/en\/wp-json\/wp\/v2\/product\/35445","targetHints":{"allow":["GET"]}}],"collection":[{"href":"https:\/\/sventasmiskas.lt\/en\/wp-json\/wp\/v2\/product"}],"about":[{"href":"https:\/\/sventasmiskas.lt\/en\/wp-json\/wp\/v2\/types\/product"}],"wp:featuredmedia":[{"embeddable":true,"href":"https:\/\/sventasmiskas.lt\/en\/wp-json\/wp\/v2\/media\/35475"}],"wp:attachment":[{"href":"https:\/\/sventasmiskas.lt\/en\/wp-json\/wp\/v2\/media?parent=35445"}],"wp:term":[{"taxonomy":"product_brand","embeddable":true,"href":"https:\/\/sventasmiskas.lt\/en\/wp-json\/wp\/v2\/product_brand?post=35445"},{"taxonomy":"product_cat","embeddable":true,"href":"https:\/\/sventasmiskas.lt\/en\/wp-json\/wp\/v2\/product_cat?post=35445"},{"taxonomy":"product_tag","embeddable":true,"href":"https:\/\/sventasmiskas.lt\/en\/wp-json\/wp\/v2\/product_tag?post=35445"}],"curies":[{"name":"wp","href":"https:\/\/api.w.org\/{rel}","templated":true}]}}