{"id":35436,"date":"2025-05-04T14:25:06","date_gmt":"2025-05-04T14:25:06","guid":{"rendered":"https:\/\/sventasmiskas.bool.lt\/parduotuve\/auksuotos-eglutes\/"},"modified":"2026-03-09T04:51:25","modified_gmt":"2026-03-09T04:51:25","slug":"auksuotos-eglutes","status":"publish","type":"product","link":"https:\/\/sventasmiskas.lt\/en\/parduotuve\/auksuotos-eglutes\/","title":{"rendered":"Gilded Christmas trees"},"content":{"rendered":"<p>\u269c\ufe0e Sidabriniai auskarai sukurti pasitelkiant tikro augalo formas.\u269c\ufe0e Auskarai bei j\u0173 u\u017esegimai sukurti i\u0161 925 prabos sidabro, dengti 3 mikron\u0173 storio aukso sluoksniu.\u269c\ufe0e Auskar\u0173 poros svoris 1.08 g.\u269c\ufe0e Auskar\u0173 ilgis 1,5 cm.\u269c\ufe0e Minimalistiniai, patog\u016bs ir tinkami kasdieniniam ne\u0161iojimui.\u269c\ufe0e Prabuoti prabavimo r\u016bmuose.<\/p>","protected":false},"excerpt":{"rendered":"<p>\u269c\ufe0e Sidabriniai auskarai sukurti pasitelkiant tikro augalo formas.\u269c\ufe0e Auskarai bei j\u0173 u\u017esegimai sukurti i\u0161 925 prabos sidabro, dengti 3 mikron\u0173<\/p>","protected":false},"featured_media":35435,"template":"","meta":[],"product_brand":[],"product_cat":[123],"product_tag":[],"class_list":{"0":"post-35436","1":"product","2":"type-product","3":"status-publish","4":"has-post-thumbnail","6":"product_cat-auskarai","8":"first","9":"outofstock","10":"taxable","11":"shipping-taxable","12":"purchasable","13":"product-type-simple"},"jetpack_sharing_enabled":true,"_links":{"self":[{"href":"https:\/\/sventasmiskas.lt\/en\/wp-json\/wp\/v2\/product\/35436","targetHints":{"allow":["GET"]}}],"collection":[{"href":"https:\/\/sventasmiskas.lt\/en\/wp-json\/wp\/v2\/product"}],"about":[{"href":"https:\/\/sventasmiskas.lt\/en\/wp-json\/wp\/v2\/types\/product"}],"wp:featuredmedia":[{"embeddable":true,"href":"https:\/\/sventasmiskas.lt\/en\/wp-json\/wp\/v2\/media\/35435"}],"wp:attachment":[{"href":"https:\/\/sventasmiskas.lt\/en\/wp-json\/wp\/v2\/media?parent=35436"}],"wp:term":[{"taxonomy":"product_brand","embeddable":true,"href":"https:\/\/sventasmiskas.lt\/en\/wp-json\/wp\/v2\/product_brand?post=35436"},{"taxonomy":"product_cat","embeddable":true,"href":"https:\/\/sventasmiskas.lt\/en\/wp-json\/wp\/v2\/product_cat?post=35436"},{"taxonomy":"product_tag","embeddable":true,"href":"https:\/\/sventasmiskas.lt\/en\/wp-json\/wp\/v2\/product_tag?post=35436"}],"curies":[{"name":"wp","href":"https:\/\/api.w.org\/{rel}","templated":true}]}}