{"id":35393,"date":"2025-05-04T14:17:23","date_gmt":"2025-05-04T14:17:23","guid":{"rendered":"https:\/\/sventasmiskas.bool.lt\/parduotuve\/juodu-deimantu-verinys\/"},"modified":"2025-10-28T19:34:33","modified_gmt":"2025-10-28T19:34:33","slug":"juodu-deimantu-verinys","status":"publish","type":"product","link":"https:\/\/sventasmiskas.lt\/en\/parduotuve\/juodu-deimantu-verinys\/","title":{"rendered":"Black diamond necklace"},"content":{"rendered":"<p>\u269c\ufe0e Prabangus v\u0117rinys su juodais, neapdirbtais, nat\u016braliais deimantais\u269c\ufe0e U\u017esegimai ir v\u0117rinio grandin\u0117l\u0117 sukurti i\u0161 925 prabos sidabro, dengto rausvu auksu\u269c\ufe0e Bendras deimant\u0173 svoris v\u0117rinyje 11 karat\u0173, v\u0117riniai sudaryti i\u0161 267- 283 smulki\u0173 deimant\u0173, brangakmeni\u0173 specifikacijos para\u0161ytos paskutin\u0117je nuotraukoje. V\u0117rinys sveria 4,84 g\u269c\ufe0e Prabuota Latvijos prabavimo r\u016bmuose\u269c\ufe0e V\u0117rinio ilgis 45 cm<\/p>","protected":false},"excerpt":{"rendered":"<p>\u269c\ufe0e Prabangus v\u0117rinys su juodais, neapdirbtais, nat\u016braliais deimantais\u269c\ufe0e U\u017esegimai ir v\u0117rinio grandin\u0117l\u0117 sukurti i\u0161 925 prabos sidabro, dengto rausvu auksu\u269c\ufe0e<\/p>","protected":false},"featured_media":35392,"template":"","meta":[],"product_brand":[],"product_cat":[125],"product_tag":[],"class_list":{"0":"post-35393","1":"product","2":"type-product","3":"status-publish","4":"has-post-thumbnail","6":"product_cat-kaklo-papuosalai","8":"first","9":"instock","10":"taxable","11":"shipping-taxable","12":"purchasable","13":"product-type-simple"},"jetpack_sharing_enabled":true,"_links":{"self":[{"href":"https:\/\/sventasmiskas.lt\/en\/wp-json\/wp\/v2\/product\/35393","targetHints":{"allow":["GET"]}}],"collection":[{"href":"https:\/\/sventasmiskas.lt\/en\/wp-json\/wp\/v2\/product"}],"about":[{"href":"https:\/\/sventasmiskas.lt\/en\/wp-json\/wp\/v2\/types\/product"}],"wp:featuredmedia":[{"embeddable":true,"href":"https:\/\/sventasmiskas.lt\/en\/wp-json\/wp\/v2\/media\/35392"}],"wp:attachment":[{"href":"https:\/\/sventasmiskas.lt\/en\/wp-json\/wp\/v2\/media?parent=35393"}],"wp:term":[{"taxonomy":"product_brand","embeddable":true,"href":"https:\/\/sventasmiskas.lt\/en\/wp-json\/wp\/v2\/product_brand?post=35393"},{"taxonomy":"product_cat","embeddable":true,"href":"https:\/\/sventasmiskas.lt\/en\/wp-json\/wp\/v2\/product_cat?post=35393"},{"taxonomy":"product_tag","embeddable":true,"href":"https:\/\/sventasmiskas.lt\/en\/wp-json\/wp\/v2\/product_tag?post=35393"}],"curies":[{"name":"wp","href":"https:\/\/api.w.org\/{rel}","templated":true}]}}