{"id":35384,"date":"2025-05-04T14:16:57","date_gmt":"2025-05-04T14:16:57","guid":{"rendered":"https:\/\/sventasmiskas.bool.lt\/parduotuve\/meile-ir-praradimas-visada-salia\/"},"modified":"2026-04-26T17:14:57","modified_gmt":"2026-04-26T17:14:57","slug":"meile-ir-praradimas-visada-salia","status":"publish","type":"product","link":"https:\/\/sventasmiskas.lt\/en\/parduotuve\/meile-ir-praradimas-visada-salia\/","title":{"rendered":"Meil\u0117 ir praradimas visada \u0161alia"},"content":{"rendered":"<p>\u269c\ufe0e Tinkami ne\u0161ioti kasdien, nedideli (auskaro ilgis 10 mm).\u269c\ufe0e Sidabras specialiai paveiktas, taip i\u0161gaunant tamsesnius sidabro atspalvius.\u269c\ufe0e Auskarai bei j\u0173 u\u017esegimai sukurti i\u0161 925 prabos sidabro.\u269c Prabuota Lietuvos prabavimo r\u016bmuose.\u269c Papuo\u0161alas parduodamas supakuotas dovan\u0173 mai\u0161elyje.<\/p>","protected":false},"excerpt":{"rendered":"<p>\u269c\ufe0e Tinkami ne\u0161ioti kasdien, nedideli (auskaro ilgis 10 mm).\u269c\ufe0e Sidabras specialiai paveiktas, taip i\u0161gaunant tamsesnius sidabro atspalvius.\u269c\ufe0e Auskarai bei j\u0173<\/p>","protected":false},"featured_media":35383,"template":"","meta":[],"product_brand":[],"product_cat":[123],"product_tag":[],"class_list":{"0":"post-35384","1":"product","2":"type-product","3":"status-publish","4":"has-post-thumbnail","6":"product_cat-auskarai","8":"first","9":"instock","10":"taxable","11":"shipping-taxable","12":"purchasable","13":"product-type-simple"},"jetpack_sharing_enabled":true,"_links":{"self":[{"href":"https:\/\/sventasmiskas.lt\/en\/wp-json\/wp\/v2\/product\/35384","targetHints":{"allow":["GET"]}}],"collection":[{"href":"https:\/\/sventasmiskas.lt\/en\/wp-json\/wp\/v2\/product"}],"about":[{"href":"https:\/\/sventasmiskas.lt\/en\/wp-json\/wp\/v2\/types\/product"}],"wp:featuredmedia":[{"embeddable":true,"href":"https:\/\/sventasmiskas.lt\/en\/wp-json\/wp\/v2\/media\/35383"}],"wp:attachment":[{"href":"https:\/\/sventasmiskas.lt\/en\/wp-json\/wp\/v2\/media?parent=35384"}],"wp:term":[{"taxonomy":"product_brand","embeddable":true,"href":"https:\/\/sventasmiskas.lt\/en\/wp-json\/wp\/v2\/product_brand?post=35384"},{"taxonomy":"product_cat","embeddable":true,"href":"https:\/\/sventasmiskas.lt\/en\/wp-json\/wp\/v2\/product_cat?post=35384"},{"taxonomy":"product_tag","embeddable":true,"href":"https:\/\/sventasmiskas.lt\/en\/wp-json\/wp\/v2\/product_tag?post=35384"}],"curies":[{"name":"wp","href":"https:\/\/api.w.org\/{rel}","templated":true}]}}