{"id":35375,"date":"2025-05-04T14:16:25","date_gmt":"2025-05-04T14:16:25","guid":{"rendered":"https:\/\/sventasmiskas.bool.lt\/parduotuve\/ziedas-ziedas\/"},"modified":"2025-10-28T19:34:33","modified_gmt":"2025-10-28T19:34:33","slug":"ziedas-ziedas","status":"publish","type":"product","link":"https:\/\/sventasmiskas.lt\/en\/parduotuve\/ziedas-ziedas\/","title":{"rendered":"\u017diedas \u017eiedas"},"content":{"rendered":"<p>\u269c Vienetinis sidabrinis rank\u0173 darbo \u017eiedas su tikrovi\u0161ku tulp\u0117s \u017eiedu.\u269c Prabuota Lietuvos prabavimo r\u016bmuose, sidabro praba 925, \u017eiedo svoris 3,93 g.\u269c \u017diedas taip pat gali b\u016bti ne\u0161iojamas ir kaip pakabukas. \u269c Dydis 17, 5 (esant poreikiui gali b\u016bti \u0161iek tiek didinamas, ar ma\u017einamas, d\u0117l dyd\u017eio keitimo kreiptis el. pa\u0161tu).\u269c Papuo\u0161alas parduodamas supakuotas medin\u0117je rank\u0173 darbo d\u0117\u017eut\u0117je.<\/p>","protected":false},"excerpt":{"rendered":"<p>\u269c Vienetinis sidabrinis rank\u0173 darbo \u017eiedas su tikrovi\u0161ku tulp\u0117s \u017eiedu.\u269c Prabuota Lietuvos prabavimo r\u016bmuose, sidabro praba 925, \u017eiedo svoris 3,93<\/p>","protected":false},"featured_media":35374,"template":"","meta":[],"product_brand":[],"product_cat":[124],"product_tag":[],"class_list":{"0":"post-35375","1":"product","2":"type-product","3":"status-publish","4":"has-post-thumbnail","6":"product_cat-ziedai","8":"first","9":"outofstock","10":"taxable","11":"shipping-taxable","12":"purchasable","13":"product-type-simple"},"jetpack_sharing_enabled":true,"_links":{"self":[{"href":"https:\/\/sventasmiskas.lt\/en\/wp-json\/wp\/v2\/product\/35375","targetHints":{"allow":["GET"]}}],"collection":[{"href":"https:\/\/sventasmiskas.lt\/en\/wp-json\/wp\/v2\/product"}],"about":[{"href":"https:\/\/sventasmiskas.lt\/en\/wp-json\/wp\/v2\/types\/product"}],"wp:featuredmedia":[{"embeddable":true,"href":"https:\/\/sventasmiskas.lt\/en\/wp-json\/wp\/v2\/media\/35374"}],"wp:attachment":[{"href":"https:\/\/sventasmiskas.lt\/en\/wp-json\/wp\/v2\/media?parent=35375"}],"wp:term":[{"taxonomy":"product_brand","embeddable":true,"href":"https:\/\/sventasmiskas.lt\/en\/wp-json\/wp\/v2\/product_brand?post=35375"},{"taxonomy":"product_cat","embeddable":true,"href":"https:\/\/sventasmiskas.lt\/en\/wp-json\/wp\/v2\/product_cat?post=35375"},{"taxonomy":"product_tag","embeddable":true,"href":"https:\/\/sventasmiskas.lt\/en\/wp-json\/wp\/v2\/product_tag?post=35375"}],"curies":[{"name":"wp","href":"https:\/\/api.w.org\/{rel}","templated":true}]}}