{"id":35366,"date":"2025-05-04T14:15:51","date_gmt":"2025-05-04T14:15:51","guid":{"rendered":"https:\/\/sventasmiskas.bool.lt\/parduotuve\/mazosios-sidabro-eglutes\/"},"modified":"2026-01-28T12:03:01","modified_gmt":"2026-01-28T12:03:01","slug":"mazosios-sidabro-eglutes","status":"publish","type":"product","link":"https:\/\/sventasmiskas.lt\/en\/parduotuve\/mazosios-sidabro-eglutes\/","title":{"rendered":"Ma\u017eosios sidabro eglut\u0117s"},"content":{"rendered":"<p>\u269c\ufe0e Sidabriniai auskarai sukurti pasitelkiant tikro augalo formas\u269c\ufe0e Auskarai bei j\u0173 u\u017esegimai sukurti i\u0161 925 prabos sidabro\u269c\ufe0e Auskar\u0173 poros svoris 1.08 g\u269c\ufe0e Auskar\u0173 ilgis 1,5 cm\u269c\ufe0eMinimalistiniai, patog\u016bs ir tinkami kasdieniniam ne\u0161iojimui\u269c\ufe0ePrabuoti prabavimo r\u016bmuose<\/p>","protected":false},"excerpt":{"rendered":"<p>\u269c\ufe0e Sidabriniai auskarai sukurti pasitelkiant tikro augalo formas\u269c\ufe0e Auskarai bei j\u0173 u\u017esegimai sukurti i\u0161 925 prabos sidabro\u269c\ufe0e Auskar\u0173 poros svoris<\/p>","protected":false},"featured_media":35365,"template":"","meta":[],"product_brand":[],"product_cat":[123],"product_tag":[],"class_list":{"0":"post-35366","1":"product","2":"type-product","3":"status-publish","4":"has-post-thumbnail","6":"product_cat-auskarai","8":"first","9":"instock","10":"taxable","11":"shipping-taxable","12":"purchasable","13":"product-type-simple"},"jetpack_sharing_enabled":true,"_links":{"self":[{"href":"https:\/\/sventasmiskas.lt\/en\/wp-json\/wp\/v2\/product\/35366","targetHints":{"allow":["GET"]}}],"collection":[{"href":"https:\/\/sventasmiskas.lt\/en\/wp-json\/wp\/v2\/product"}],"about":[{"href":"https:\/\/sventasmiskas.lt\/en\/wp-json\/wp\/v2\/types\/product"}],"wp:featuredmedia":[{"embeddable":true,"href":"https:\/\/sventasmiskas.lt\/en\/wp-json\/wp\/v2\/media\/35365"}],"wp:attachment":[{"href":"https:\/\/sventasmiskas.lt\/en\/wp-json\/wp\/v2\/media?parent=35366"}],"wp:term":[{"taxonomy":"product_brand","embeddable":true,"href":"https:\/\/sventasmiskas.lt\/en\/wp-json\/wp\/v2\/product_brand?post=35366"},{"taxonomy":"product_cat","embeddable":true,"href":"https:\/\/sventasmiskas.lt\/en\/wp-json\/wp\/v2\/product_cat?post=35366"},{"taxonomy":"product_tag","embeddable":true,"href":"https:\/\/sventasmiskas.lt\/en\/wp-json\/wp\/v2\/product_tag?post=35366"}],"curies":[{"name":"wp","href":"https:\/\/api.w.org\/{rel}","templated":true}]}}