{"id":35364,"date":"2025-05-04T14:15:44","date_gmt":"2025-05-04T14:15:44","guid":{"rendered":"https:\/\/sventasmiskas.bool.lt\/parduotuve\/samana-su-kvarcu\/"},"modified":"2025-10-28T19:34:33","modified_gmt":"2025-10-28T19:34:33","slug":"samana-su-kvarcu","status":"publish","type":"product","link":"https:\/\/sventasmiskas.lt\/en\/parduotuve\/samana-su-kvarcu\/","title":{"rendered":"Moss with quartz"},"content":{"rendered":"<p>\u269c\ufe0e Pakabukas sukurtas i\u0161 tikros samanos bei kvarco mineralo. Tai yra tikras augalas, elektroliz\u0117s b\u016bdu apaugintas variu, tada keli\u0173 mikron\u0173 gryno aukso sluoksniu.\u269c\ufe0e Papuo\u0161alas parduodamas kartu su sidabrine auksuota grandin\u0117le, sveria 9,2 g, sukurta i\u0161 925 prabos sidabro.\u269c Prabuota Lietuvos prabavimo r\u016bmuose.\u269c Papuo\u0161alas parduodamas supakuotas dovan\u0173 pakuot\u0117je.<\/p>","protected":false},"excerpt":{"rendered":"<p>\u269c\ufe0e Pakabukas sukurtas i\u0161 tikros samanos bei kvarco mineralo. Tai yra tikras augalas, elektroliz\u0117s b\u016bdu apaugintas variu, tada keli\u0173 mikron\u0173<\/p>","protected":false},"featured_media":35363,"template":"","meta":[],"product_brand":[],"product_cat":[125],"product_tag":[],"class_list":{"0":"post-35364","1":"product","2":"type-product","3":"status-publish","4":"has-post-thumbnail","6":"product_cat-kaklo-papuosalai","8":"first","9":"instock","10":"taxable","11":"shipping-taxable","12":"purchasable","13":"product-type-simple"},"jetpack_sharing_enabled":true,"_links":{"self":[{"href":"https:\/\/sventasmiskas.lt\/en\/wp-json\/wp\/v2\/product\/35364","targetHints":{"allow":["GET"]}}],"collection":[{"href":"https:\/\/sventasmiskas.lt\/en\/wp-json\/wp\/v2\/product"}],"about":[{"href":"https:\/\/sventasmiskas.lt\/en\/wp-json\/wp\/v2\/types\/product"}],"wp:featuredmedia":[{"embeddable":true,"href":"https:\/\/sventasmiskas.lt\/en\/wp-json\/wp\/v2\/media\/35363"}],"wp:attachment":[{"href":"https:\/\/sventasmiskas.lt\/en\/wp-json\/wp\/v2\/media?parent=35364"}],"wp:term":[{"taxonomy":"product_brand","embeddable":true,"href":"https:\/\/sventasmiskas.lt\/en\/wp-json\/wp\/v2\/product_brand?post=35364"},{"taxonomy":"product_cat","embeddable":true,"href":"https:\/\/sventasmiskas.lt\/en\/wp-json\/wp\/v2\/product_cat?post=35364"},{"taxonomy":"product_tag","embeddable":true,"href":"https:\/\/sventasmiskas.lt\/en\/wp-json\/wp\/v2\/product_tag?post=35364"}],"curies":[{"name":"wp","href":"https:\/\/api.w.org\/{rel}","templated":true}]}}