{"id":35357,"date":"2025-05-04T14:15:26","date_gmt":"2025-05-04T14:15:26","guid":{"rendered":"https:\/\/sventasmiskas.bool.lt\/parduotuve\/arktis\/"},"modified":"2025-12-08T07:31:59","modified_gmt":"2025-12-08T07:31:59","slug":"arktis","status":"publish","type":"product","link":"https:\/\/sventasmiskas.lt\/en\/parduotuve\/arktis\/","title":{"rendered":"Arctic"},"content":{"rendered":"<p>\u269c\ufe0e Sidabro \u017eiedas su nat\u016braliu, auk\u0161tos kokyb\u0117s ir \u0161velniai ro\u017einio atspalvio kuncitu. Realyb\u0117je \u0161is akmuo turi daugiau rausvo atspalvio nei nuotraukose. \u269c Kuncitas \u2013 tai i\u0161skirtinis bes\u0105lygi\u0161kos meil\u0117s akmuo, kur\u012f ne\u0161iojant visada b\u016bsi apsuptas \u0161velnios meil\u0117s energijos. \u269c\ufe0e Sukurta i\u0161 925 ir 999 prabos sidabro, papuo\u0161alo svoris 8,41 g.\u269c\ufe0e \u017diedo dydis 17,5.\u269c\ufe0e Prabuota Latvijos prabavimo r\u016bmuose.\u269c Papuo\u0161alas parduodamas supakuotas medin\u0117je rank\u0173 darbo dovan\u0173 d\u0117\u017eut\u0117je.<\/p>","protected":false},"excerpt":{"rendered":"<p>\u269c\ufe0e Sidabro \u017eiedas su nat\u016braliu, auk\u0161tos kokyb\u0117s ir \u0161velniai ro\u017einio atspalvio kuncitu. Realyb\u0117je \u0161is akmuo turi daugiau rausvo atspalvio nei<\/p>","protected":false},"featured_media":35356,"template":"","meta":[],"product_brand":[],"product_cat":[124],"product_tag":[],"class_list":{"0":"post-35357","1":"product","2":"type-product","3":"status-publish","4":"has-post-thumbnail","6":"product_cat-ziedai","8":"first","9":"outofstock","10":"taxable","11":"shipping-taxable","12":"purchasable","13":"product-type-simple"},"jetpack_sharing_enabled":true,"_links":{"self":[{"href":"https:\/\/sventasmiskas.lt\/en\/wp-json\/wp\/v2\/product\/35357","targetHints":{"allow":["GET"]}}],"collection":[{"href":"https:\/\/sventasmiskas.lt\/en\/wp-json\/wp\/v2\/product"}],"about":[{"href":"https:\/\/sventasmiskas.lt\/en\/wp-json\/wp\/v2\/types\/product"}],"wp:featuredmedia":[{"embeddable":true,"href":"https:\/\/sventasmiskas.lt\/en\/wp-json\/wp\/v2\/media\/35356"}],"wp:attachment":[{"href":"https:\/\/sventasmiskas.lt\/en\/wp-json\/wp\/v2\/media?parent=35357"}],"wp:term":[{"taxonomy":"product_brand","embeddable":true,"href":"https:\/\/sventasmiskas.lt\/en\/wp-json\/wp\/v2\/product_brand?post=35357"},{"taxonomy":"product_cat","embeddable":true,"href":"https:\/\/sventasmiskas.lt\/en\/wp-json\/wp\/v2\/product_cat?post=35357"},{"taxonomy":"product_tag","embeddable":true,"href":"https:\/\/sventasmiskas.lt\/en\/wp-json\/wp\/v2\/product_tag?post=35357"}],"curies":[{"name":"wp","href":"https:\/\/api.w.org\/{rel}","templated":true}]}}