{"id":35339,"date":"2025-05-04T14:13:44","date_gmt":"2025-05-04T14:13:44","guid":{"rendered":"https:\/\/sventasmiskas.bool.lt\/parduotuve\/titano-ziedas-su-meteoritu\/"},"modified":"2025-10-28T19:34:34","modified_gmt":"2025-10-28T19:34:34","slug":"titano-ziedas-su-meteoritu","status":"publish","type":"product","link":"https:\/\/sventasmiskas.lt\/en\/parduotuve\/titano-ziedas-su-meteoritu\/","title":{"rendered":"Titano \u017eiedas su meteoritu"},"content":{"rendered":"<p>\u269c \u0160iek tiek tamsinto titano \u017eiedas su meteoritu.\u269c Titanas itin lengvas, tvirtas, hipoalerginis metalas.\u269c \u017diedo dydis 16,5.\u269c Papuo\u0161alas parduodamas supakuotas medin\u0117je rank\u0173 darbo dovan\u0173 d\u0117\u017eut\u0117je.<\/p>","protected":false},"excerpt":{"rendered":"<p>\u269c \u0160iek tiek tamsinto titano \u017eiedas su meteoritu.\u269c Titanas itin lengvas, tvirtas, hipoalerginis metalas.\u269c \u017diedo dydis 16,5.\u269c Papuo\u0161alas parduodamas supakuotas<\/p>","protected":false},"featured_media":35338,"template":"","meta":[],"product_brand":[],"product_cat":[124],"product_tag":[],"class_list":{"0":"post-35339","1":"product","2":"type-product","3":"status-publish","4":"has-post-thumbnail","6":"product_cat-ziedai","8":"first","9":"outofstock","10":"taxable","11":"shipping-taxable","12":"purchasable","13":"product-type-simple"},"jetpack_sharing_enabled":true,"_links":{"self":[{"href":"https:\/\/sventasmiskas.lt\/en\/wp-json\/wp\/v2\/product\/35339","targetHints":{"allow":["GET"]}}],"collection":[{"href":"https:\/\/sventasmiskas.lt\/en\/wp-json\/wp\/v2\/product"}],"about":[{"href":"https:\/\/sventasmiskas.lt\/en\/wp-json\/wp\/v2\/types\/product"}],"wp:featuredmedia":[{"embeddable":true,"href":"https:\/\/sventasmiskas.lt\/en\/wp-json\/wp\/v2\/media\/35338"}],"wp:attachment":[{"href":"https:\/\/sventasmiskas.lt\/en\/wp-json\/wp\/v2\/media?parent=35339"}],"wp:term":[{"taxonomy":"product_brand","embeddable":true,"href":"https:\/\/sventasmiskas.lt\/en\/wp-json\/wp\/v2\/product_brand?post=35339"},{"taxonomy":"product_cat","embeddable":true,"href":"https:\/\/sventasmiskas.lt\/en\/wp-json\/wp\/v2\/product_cat?post=35339"},{"taxonomy":"product_tag","embeddable":true,"href":"https:\/\/sventasmiskas.lt\/en\/wp-json\/wp\/v2\/product_tag?post=35339"}],"curies":[{"name":"wp","href":"https:\/\/api.w.org\/{rel}","templated":true}]}}