{"id":35336,"date":"2025-05-04T14:13:31","date_gmt":"2025-05-04T14:13:31","guid":{"rendered":"https:\/\/sventasmiskas.bool.lt\/parduotuve\/nocturna\/"},"modified":"2025-10-28T19:34:34","modified_gmt":"2025-10-28T19:34:34","slug":"nocturna","status":"publish","type":"product","link":"https:\/\/sventasmiskas.lt\/en\/parduotuve\/nocturna\/","title":{"rendered":"Nocturna"},"content":{"rendered":"<p>\u269c\ufe0e Sidabrinis platus \u017eiedas su \u012fpjov\u0173 ra\u0161tais. \u269c\ufe0e \u017diedas 19,5 dyd\u017eio. \u269c\ufe0e Sukurtas i\u0161 925 prabos sidabro. \u269c\ufe0e \u017diedo svoris 8,1 g, plotis 9,7. \u269c\ufe0e Prabuota Latvijos prabavimo r\u016bmuose.\u269c Papuo\u0161alas parduodamas supakuotas medin\u0117je rank\u0173 darbo dovan\u0173 d\u0117\u017eut\u0117je.<\/p>","protected":false},"excerpt":{"rendered":"<p>\u269c\ufe0e Sidabrinis platus \u017eiedas su \u012fpjov\u0173 ra\u0161tais. \u269c\ufe0e \u017diedas 19,5 dyd\u017eio. \u269c\ufe0e Sukurtas i\u0161 925 prabos sidabro. \u269c\ufe0e \u017diedo svoris<\/p>","protected":false},"featured_media":35335,"template":"","meta":[],"product_brand":[],"product_cat":[124],"product_tag":[],"class_list":{"0":"post-35336","1":"product","2":"type-product","3":"status-publish","4":"has-post-thumbnail","6":"product_cat-ziedai","8":"first","9":"outofstock","10":"taxable","11":"shipping-taxable","12":"purchasable","13":"product-type-simple"},"jetpack_sharing_enabled":true,"_links":{"self":[{"href":"https:\/\/sventasmiskas.lt\/en\/wp-json\/wp\/v2\/product\/35336","targetHints":{"allow":["GET"]}}],"collection":[{"href":"https:\/\/sventasmiskas.lt\/en\/wp-json\/wp\/v2\/product"}],"about":[{"href":"https:\/\/sventasmiskas.lt\/en\/wp-json\/wp\/v2\/types\/product"}],"wp:featuredmedia":[{"embeddable":true,"href":"https:\/\/sventasmiskas.lt\/en\/wp-json\/wp\/v2\/media\/35335"}],"wp:attachment":[{"href":"https:\/\/sventasmiskas.lt\/en\/wp-json\/wp\/v2\/media?parent=35336"}],"wp:term":[{"taxonomy":"product_brand","embeddable":true,"href":"https:\/\/sventasmiskas.lt\/en\/wp-json\/wp\/v2\/product_brand?post=35336"},{"taxonomy":"product_cat","embeddable":true,"href":"https:\/\/sventasmiskas.lt\/en\/wp-json\/wp\/v2\/product_cat?post=35336"},{"taxonomy":"product_tag","embeddable":true,"href":"https:\/\/sventasmiskas.lt\/en\/wp-json\/wp\/v2\/product_tag?post=35336"}],"curies":[{"name":"wp","href":"https:\/\/api.w.org\/{rel}","templated":true}]}}