{"id":35319,"date":"2025-05-04T14:11:48","date_gmt":"2025-05-04T14:11:48","guid":{"rendered":"https:\/\/sventasmiskas.bool.lt\/parduotuve\/sidabrinis-lagaminas\/"},"modified":"2025-10-28T19:34:34","modified_gmt":"2025-10-28T19:34:34","slug":"sidabrinis-lagaminas","status":"publish","type":"product","link":"https:\/\/sventasmiskas.lt\/en\/parduotuve\/sidabrinis-lagaminas\/","title":{"rendered":"Silver suitcase"},"content":{"rendered":"<p>\u269c\ufe0e Sukurta i\u0161 tamsinto 925 prabos sidabro.\u269c\ufe0e Prabuota Latvijos prabavimo r\u016bmuose, sukurta i\u0161 925 prabos sidabro, sveria 5,96 g.\u269c Papuo\u0161alas atkeliauja supakuotas medin\u0117je rank\u0173 darbo dovan\u0173 d\u0117\u017eut\u0117je.\u269c\ufe0e Lagaminas atsidaro, jo viduje gali b\u016bti laikomas nedidelis objektas.\u269c\ufe0e Papuo\u0161alas parduodamas kartu su sidabrine grandin\u0117le.\u269c\ufe0e Pakabuko ilgis 1,5 cm.\u269c\ufe0e Papuo\u0161alo viduje gali b\u016bti i\u0161graviruoti \u017eod\u017eiai ar simboliai.<\/p>","protected":false},"excerpt":{"rendered":"<p>\u269c\ufe0e Sukurta i\u0161 tamsinto 925 prabos sidabro.\u269c\ufe0e Prabuota Latvijos prabavimo r\u016bmuose, sukurta i\u0161 925 prabos sidabro, sveria 5,96 g.\u269c Papuo\u0161alas<\/p>","protected":false},"featured_media":35318,"template":"","meta":[],"product_brand":[],"product_cat":[125],"product_tag":[],"class_list":{"0":"post-35319","1":"product","2":"type-product","3":"status-publish","4":"has-post-thumbnail","6":"product_cat-kaklo-papuosalai","8":"first","9":"instock","10":"taxable","11":"shipping-taxable","12":"purchasable","13":"product-type-simple"},"jetpack_sharing_enabled":true,"_links":{"self":[{"href":"https:\/\/sventasmiskas.lt\/en\/wp-json\/wp\/v2\/product\/35319","targetHints":{"allow":["GET"]}}],"collection":[{"href":"https:\/\/sventasmiskas.lt\/en\/wp-json\/wp\/v2\/product"}],"about":[{"href":"https:\/\/sventasmiskas.lt\/en\/wp-json\/wp\/v2\/types\/product"}],"wp:featuredmedia":[{"embeddable":true,"href":"https:\/\/sventasmiskas.lt\/en\/wp-json\/wp\/v2\/media\/35318"}],"wp:attachment":[{"href":"https:\/\/sventasmiskas.lt\/en\/wp-json\/wp\/v2\/media?parent=35319"}],"wp:term":[{"taxonomy":"product_brand","embeddable":true,"href":"https:\/\/sventasmiskas.lt\/en\/wp-json\/wp\/v2\/product_brand?post=35319"},{"taxonomy":"product_cat","embeddable":true,"href":"https:\/\/sventasmiskas.lt\/en\/wp-json\/wp\/v2\/product_cat?post=35319"},{"taxonomy":"product_tag","embeddable":true,"href":"https:\/\/sventasmiskas.lt\/en\/wp-json\/wp\/v2\/product_tag?post=35319"}],"curies":[{"name":"wp","href":"https:\/\/api.w.org\/{rel}","templated":true}]}}