{"id":35305,"date":"2025-05-04T14:10:59","date_gmt":"2025-05-04T14:10:59","guid":{"rendered":"https:\/\/sventasmiskas.bool.lt\/parduotuve\/koralas-su-peridotu\/"},"modified":"2025-12-06T12:41:44","modified_gmt":"2025-12-06T12:41:44","slug":"koralas-su-peridotu","status":"publish","type":"product","link":"https:\/\/sventasmiskas.lt\/en\/parduotuve\/koralas-su-peridotu\/","title":{"rendered":"Koralas su opalu"},"content":{"rendered":"<p>\u269c Autorinis unikalaus dizaino rank\u0173 darbo \u017eiedas.<\/p>\n<p>\u269c \u017diedas su nat\u016braliu opalo akmeniu.<\/p>\n<p>\u269c Prabuota Latvijos prabavimo r\u016bmuose, sidabro praba 925, svoris 2,84 g.<\/p>\n<p>\u269c \u017diedo dydis 16.<\/p>\n<p>\u269c Papuo\u0161alas parduodamas supakuotas dovan\u0173 d\u0117\u017eut\u0117je.<\/p>","protected":false},"excerpt":{"rendered":"<p>\u269c Autorinis unikalaus dizaino rank\u0173 darbo \u017eiedas. \u269c \u017diedas su nat\u016braliu opalo akmeniu. \u269c Prabuota Latvijos prabavimo r\u016bmuose, sidabro praba<\/p>","protected":false},"featured_media":36945,"template":"","meta":[],"product_brand":[],"product_cat":[124],"product_tag":[],"class_list":{"0":"post-35305","1":"product","2":"type-product","3":"status-publish","4":"has-post-thumbnail","6":"product_cat-ziedai","8":"first","9":"outofstock","10":"taxable","11":"shipping-taxable","12":"purchasable","13":"product-type-simple"},"jetpack_sharing_enabled":true,"_links":{"self":[{"href":"https:\/\/sventasmiskas.lt\/en\/wp-json\/wp\/v2\/product\/35305","targetHints":{"allow":["GET"]}}],"collection":[{"href":"https:\/\/sventasmiskas.lt\/en\/wp-json\/wp\/v2\/product"}],"about":[{"href":"https:\/\/sventasmiskas.lt\/en\/wp-json\/wp\/v2\/types\/product"}],"wp:featuredmedia":[{"embeddable":true,"href":"https:\/\/sventasmiskas.lt\/en\/wp-json\/wp\/v2\/media\/36945"}],"wp:attachment":[{"href":"https:\/\/sventasmiskas.lt\/en\/wp-json\/wp\/v2\/media?parent=35305"}],"wp:term":[{"taxonomy":"product_brand","embeddable":true,"href":"https:\/\/sventasmiskas.lt\/en\/wp-json\/wp\/v2\/product_brand?post=35305"},{"taxonomy":"product_cat","embeddable":true,"href":"https:\/\/sventasmiskas.lt\/en\/wp-json\/wp\/v2\/product_cat?post=35305"},{"taxonomy":"product_tag","embeddable":true,"href":"https:\/\/sventasmiskas.lt\/en\/wp-json\/wp\/v2\/product_tag?post=35305"}],"curies":[{"name":"wp","href":"https:\/\/api.w.org\/{rel}","templated":true}]}}