{"id":35294,"date":"2025-05-04T14:10:20","date_gmt":"2025-05-04T14:10:20","guid":{"rendered":"https:\/\/sventasmiskas.bool.lt\/parduotuve\/auksine-siluma\/"},"modified":"2025-10-28T19:34:34","modified_gmt":"2025-10-28T19:34:34","slug":"auksine-siluma","status":"publish","type":"product","link":"https:\/\/sventasmiskas.lt\/en\/parduotuve\/auksine-siluma\/","title":{"rendered":"Golden warmth"},"content":{"rendered":"<p>\u269c Geltono aukso \u017eiedas su nat\u016braliu Madeiros citrino akmeniu.\u269c Dydis 16,5.\u269c Prabuota Latvijos prabavimo r\u016bmuose, aukso praba 585.\u269c \u017diedo svoris 2,36 g. \u269c Papuo\u0161alas parduodamas supakuotas dovan\u0173 d\u0117\u017eut\u0117je.<\/p>","protected":false},"excerpt":{"rendered":"<p>\u269c Geltono aukso \u017eiedas su nat\u016braliu Madeiros citrino akmeniu.\u269c Dydis 16,5.\u269c Prabuota Latvijos prabavimo r\u016bmuose, aukso praba 585.\u269c \u017diedo svoris<\/p>","protected":false},"featured_media":35293,"template":"","meta":[],"product_brand":[],"product_cat":[124],"product_tag":[],"class_list":{"0":"post-35294","1":"product","2":"type-product","3":"status-publish","4":"has-post-thumbnail","6":"product_cat-ziedai","8":"first","9":"instock","10":"sale","11":"taxable","12":"shipping-taxable","13":"purchasable","14":"product-type-simple"},"jetpack_sharing_enabled":true,"_links":{"self":[{"href":"https:\/\/sventasmiskas.lt\/en\/wp-json\/wp\/v2\/product\/35294","targetHints":{"allow":["GET"]}}],"collection":[{"href":"https:\/\/sventasmiskas.lt\/en\/wp-json\/wp\/v2\/product"}],"about":[{"href":"https:\/\/sventasmiskas.lt\/en\/wp-json\/wp\/v2\/types\/product"}],"wp:featuredmedia":[{"embeddable":true,"href":"https:\/\/sventasmiskas.lt\/en\/wp-json\/wp\/v2\/media\/35293"}],"wp:attachment":[{"href":"https:\/\/sventasmiskas.lt\/en\/wp-json\/wp\/v2\/media?parent=35294"}],"wp:term":[{"taxonomy":"product_brand","embeddable":true,"href":"https:\/\/sventasmiskas.lt\/en\/wp-json\/wp\/v2\/product_brand?post=35294"},{"taxonomy":"product_cat","embeddable":true,"href":"https:\/\/sventasmiskas.lt\/en\/wp-json\/wp\/v2\/product_cat?post=35294"},{"taxonomy":"product_tag","embeddable":true,"href":"https:\/\/sventasmiskas.lt\/en\/wp-json\/wp\/v2\/product_tag?post=35294"}],"curies":[{"name":"wp","href":"https:\/\/api.w.org\/{rel}","templated":true}]}}