{"id":35292,"date":"2025-05-04T14:10:16","date_gmt":"2025-05-04T14:10:16","guid":{"rendered":"https:\/\/sventasmiskas.bool.lt\/parduotuve\/juru-sidabras\/"},"modified":"2025-12-15T14:52:40","modified_gmt":"2025-12-15T14:52:40","slug":"juru-sidabras","status":"publish","type":"product","link":"https:\/\/sventasmiskas.lt\/en\/parduotuve\/juru-sidabras\/","title":{"rendered":"J\u016br\u0173 sidabras"},"content":{"rendered":"<p>\u269c\ufe0e Sidabriniai vienetiniai auskarai.\u269c\ufe0e Auskarai bei j\u0173 u\u017esegimai sukurti i\u0161 925 prabos sidabro, prabuoti Lietuvos prabavimo r\u016bmuose.\u269c\ufe0e Auskar\u0173 poros svoris 2,74 g.\u269c\ufe0e Auskar\u0173 ilgis 3 cm (kartu su u\u017esegimu).<\/p>","protected":false},"excerpt":{"rendered":"<p>\u269c\ufe0e Sidabriniai vienetiniai auskarai.\u269c\ufe0e Auskarai bei j\u0173 u\u017esegimai sukurti i\u0161 925 prabos sidabro, prabuoti Lietuvos prabavimo r\u016bmuose.\u269c\ufe0e Auskar\u0173 poros svoris<\/p>","protected":false},"featured_media":35291,"template":"","meta":[],"product_brand":[],"product_cat":[123],"product_tag":[],"class_list":{"0":"post-35292","1":"product","2":"type-product","3":"status-publish","4":"has-post-thumbnail","6":"product_cat-auskarai","8":"first","9":"outofstock","10":"taxable","11":"shipping-taxable","12":"purchasable","13":"product-type-simple"},"jetpack_sharing_enabled":true,"_links":{"self":[{"href":"https:\/\/sventasmiskas.lt\/en\/wp-json\/wp\/v2\/product\/35292","targetHints":{"allow":["GET"]}}],"collection":[{"href":"https:\/\/sventasmiskas.lt\/en\/wp-json\/wp\/v2\/product"}],"about":[{"href":"https:\/\/sventasmiskas.lt\/en\/wp-json\/wp\/v2\/types\/product"}],"wp:featuredmedia":[{"embeddable":true,"href":"https:\/\/sventasmiskas.lt\/en\/wp-json\/wp\/v2\/media\/35291"}],"wp:attachment":[{"href":"https:\/\/sventasmiskas.lt\/en\/wp-json\/wp\/v2\/media?parent=35292"}],"wp:term":[{"taxonomy":"product_brand","embeddable":true,"href":"https:\/\/sventasmiskas.lt\/en\/wp-json\/wp\/v2\/product_brand?post=35292"},{"taxonomy":"product_cat","embeddable":true,"href":"https:\/\/sventasmiskas.lt\/en\/wp-json\/wp\/v2\/product_cat?post=35292"},{"taxonomy":"product_tag","embeddable":true,"href":"https:\/\/sventasmiskas.lt\/en\/wp-json\/wp\/v2\/product_tag?post=35292"}],"curies":[{"name":"wp","href":"https:\/\/api.w.org\/{rel}","templated":true}]}}