{"id":35288,"date":"2025-05-04T14:09:31","date_gmt":"2025-05-04T14:09:31","guid":{"rendered":"https:\/\/sventasmiskas.bool.lt\/parduotuve\/sidabrinis-korio-ziedas\/"},"modified":"2025-10-28T19:34:34","modified_gmt":"2025-10-28T19:34:34","slug":"sidabrinis-korio-ziedas","status":"publish","type":"product","link":"https:\/\/sventasmiskas.lt\/en\/parduotuve\/sidabrinis-korio-ziedas\/","title":{"rendered":"Sidabrinis korio \u017eiedas"},"content":{"rendered":"<p>\u269c\ufe0e Sidabrinis platus \u017eiedas su bi\u010di\u0173 korio ra\u0161tais\u269c\ufe0e \u017diedas reguliuojamo dyd\u017eio\u269c\ufe0e Sukurtas i\u0161 925 prabos sidabro\u269c\ufe0e \u017diedo svoris 6 g<\/p>","protected":false},"excerpt":{"rendered":"<p>\u269c\ufe0e Sidabrinis platus \u017eiedas su bi\u010di\u0173 korio ra\u0161tais\u269c\ufe0e \u017diedas reguliuojamo dyd\u017eio\u269c\ufe0e Sukurtas i\u0161 925 prabos sidabro\u269c\ufe0e \u017diedo svoris 6 g<\/p>","protected":false},"featured_media":35287,"template":"","meta":[],"product_brand":[],"product_cat":[124],"product_tag":[],"class_list":{"0":"post-35288","1":"product","2":"type-product","3":"status-publish","4":"has-post-thumbnail","6":"product_cat-ziedai","8":"first","9":"instock","10":"taxable","11":"shipping-taxable","12":"purchasable","13":"product-type-simple"},"jetpack_sharing_enabled":true,"_links":{"self":[{"href":"https:\/\/sventasmiskas.lt\/en\/wp-json\/wp\/v2\/product\/35288","targetHints":{"allow":["GET"]}}],"collection":[{"href":"https:\/\/sventasmiskas.lt\/en\/wp-json\/wp\/v2\/product"}],"about":[{"href":"https:\/\/sventasmiskas.lt\/en\/wp-json\/wp\/v2\/types\/product"}],"wp:featuredmedia":[{"embeddable":true,"href":"https:\/\/sventasmiskas.lt\/en\/wp-json\/wp\/v2\/media\/35287"}],"wp:attachment":[{"href":"https:\/\/sventasmiskas.lt\/en\/wp-json\/wp\/v2\/media?parent=35288"}],"wp:term":[{"taxonomy":"product_brand","embeddable":true,"href":"https:\/\/sventasmiskas.lt\/en\/wp-json\/wp\/v2\/product_brand?post=35288"},{"taxonomy":"product_cat","embeddable":true,"href":"https:\/\/sventasmiskas.lt\/en\/wp-json\/wp\/v2\/product_cat?post=35288"},{"taxonomy":"product_tag","embeddable":true,"href":"https:\/\/sventasmiskas.lt\/en\/wp-json\/wp\/v2\/product_tag?post=35288"}],"curies":[{"name":"wp","href":"https:\/\/api.w.org\/{rel}","templated":true}]}}