{"id":35275,"date":"2025-05-04T14:08:49","date_gmt":"2025-05-04T14:08:49","guid":{"rendered":"https:\/\/sventasmiskas.bool.lt\/parduotuve\/ziedas-su-citrinu\/"},"modified":"2025-10-28T19:34:34","modified_gmt":"2025-10-28T19:34:34","slug":"ziedas-su-citrinu","status":"publish","type":"product","link":"https:\/\/sventasmiskas.lt\/en\/parduotuve\/ziedas-su-citrinu\/","title":{"rendered":"\u017diedas su citrinu"},"content":{"rendered":"<p>\u269c Smulkus sidabro \u017eiedas su nat\u016braliu citrino akmeniu.\u269c \u0160io minimalistinio \u017eiedo dizainas primena spygliuo\u010dio augalo \u0161akel\u0119.\u269c Dydis 17,5\u269c Prabuota Lietuvos prabavimo r\u016bmuose.\u269c Papuo\u0161alas atkeliauja supakuotas dovan\u0173 d\u0117\u017eut\u0117je.<\/p>","protected":false},"excerpt":{"rendered":"<p>\u269c Smulkus sidabro \u017eiedas su nat\u016braliu citrino akmeniu.\u269c \u0160io minimalistinio \u017eiedo dizainas primena spygliuo\u010dio augalo \u0161akel\u0119.\u269c Dydis 17,5\u269c Prabuota Lietuvos<\/p>","protected":false},"featured_media":35274,"template":"","meta":[],"product_brand":[],"product_cat":[124],"product_tag":[],"class_list":{"0":"post-35275","1":"product","2":"type-product","3":"status-publish","4":"has-post-thumbnail","6":"product_cat-ziedai","8":"first","9":"outofstock","10":"taxable","11":"shipping-taxable","12":"purchasable","13":"product-type-simple"},"jetpack_sharing_enabled":true,"_links":{"self":[{"href":"https:\/\/sventasmiskas.lt\/en\/wp-json\/wp\/v2\/product\/35275","targetHints":{"allow":["GET"]}}],"collection":[{"href":"https:\/\/sventasmiskas.lt\/en\/wp-json\/wp\/v2\/product"}],"about":[{"href":"https:\/\/sventasmiskas.lt\/en\/wp-json\/wp\/v2\/types\/product"}],"wp:featuredmedia":[{"embeddable":true,"href":"https:\/\/sventasmiskas.lt\/en\/wp-json\/wp\/v2\/media\/35274"}],"wp:attachment":[{"href":"https:\/\/sventasmiskas.lt\/en\/wp-json\/wp\/v2\/media?parent=35275"}],"wp:term":[{"taxonomy":"product_brand","embeddable":true,"href":"https:\/\/sventasmiskas.lt\/en\/wp-json\/wp\/v2\/product_brand?post=35275"},{"taxonomy":"product_cat","embeddable":true,"href":"https:\/\/sventasmiskas.lt\/en\/wp-json\/wp\/v2\/product_cat?post=35275"},{"taxonomy":"product_tag","embeddable":true,"href":"https:\/\/sventasmiskas.lt\/en\/wp-json\/wp\/v2\/product_tag?post=35275"}],"curies":[{"name":"wp","href":"https:\/\/api.w.org\/{rel}","templated":true}]}}