{"id":35271,"date":"2025-05-04T14:08:36","date_gmt":"2025-05-04T14:08:36","guid":{"rendered":"https:\/\/sventasmiskas.bool.lt\/parduotuve\/sviesos-pasaka\/"},"modified":"2025-10-28T19:34:34","modified_gmt":"2025-10-28T19:34:34","slug":"sviesos-pasaka","status":"publish","type":"product","link":"https:\/\/sventasmiskas.lt\/en\/parduotuve\/sviesos-pasaka\/","title":{"rendered":"\u0160viesos pasaka"},"content":{"rendered":"<p>\u269c \u0160e\u0161eliuotas titano \u017eiedas su \u0161velniomis briaunuotomis tekst\u016bromis.\u269c Titanas itin lengvas, tvirtas, hipoalerginis metalas.\u269c Ilgai i\u0161laiko savo juod\u0105 spalv\u0105.\u269c \u017diedo dydis 16. Plotis 4,2 mm.\u269c \u017diedo viduryje yra \u0161velniai \u017ealios spalvos 3,5 mm dyd\u017eio nat\u016bralus aleksandritas.\u269c Papuo\u0161alas parduodamas supakuotas medin\u0117je rank\u0173 darbo dovan\u0173 d\u0117\u017eut\u0117je.<\/p>","protected":false},"excerpt":{"rendered":"<p>\u269c \u0160e\u0161eliuotas titano \u017eiedas su \u0161velniomis briaunuotomis tekst\u016bromis.\u269c Titanas itin lengvas, tvirtas, hipoalerginis metalas.\u269c Ilgai i\u0161laiko savo juod\u0105 spalv\u0105.\u269c \u017diedo<\/p>","protected":false},"featured_media":35270,"template":"","meta":[],"product_brand":[],"product_cat":[124],"product_tag":[],"class_list":{"0":"post-35271","1":"product","2":"type-product","3":"status-publish","4":"has-post-thumbnail","6":"product_cat-ziedai","8":"first","9":"instock","10":"taxable","11":"shipping-taxable","12":"purchasable","13":"product-type-simple"},"jetpack_sharing_enabled":true,"_links":{"self":[{"href":"https:\/\/sventasmiskas.lt\/en\/wp-json\/wp\/v2\/product\/35271","targetHints":{"allow":["GET"]}}],"collection":[{"href":"https:\/\/sventasmiskas.lt\/en\/wp-json\/wp\/v2\/product"}],"about":[{"href":"https:\/\/sventasmiskas.lt\/en\/wp-json\/wp\/v2\/types\/product"}],"wp:featuredmedia":[{"embeddable":true,"href":"https:\/\/sventasmiskas.lt\/en\/wp-json\/wp\/v2\/media\/35270"}],"wp:attachment":[{"href":"https:\/\/sventasmiskas.lt\/en\/wp-json\/wp\/v2\/media?parent=35271"}],"wp:term":[{"taxonomy":"product_brand","embeddable":true,"href":"https:\/\/sventasmiskas.lt\/en\/wp-json\/wp\/v2\/product_brand?post=35271"},{"taxonomy":"product_cat","embeddable":true,"href":"https:\/\/sventasmiskas.lt\/en\/wp-json\/wp\/v2\/product_cat?post=35271"},{"taxonomy":"product_tag","embeddable":true,"href":"https:\/\/sventasmiskas.lt\/en\/wp-json\/wp\/v2\/product_tag?post=35271"}],"curies":[{"name":"wp","href":"https:\/\/api.w.org\/{rel}","templated":true}]}}