{"id":35231,"date":"2025-05-04T13:58:30","date_gmt":"2025-05-04T13:58:30","guid":{"rendered":"https:\/\/sventasmiskas.bool.lt\/parduotuve\/ametisto-kristalo-ziedas\/"},"modified":"2025-10-28T19:34:35","modified_gmt":"2025-10-28T19:34:35","slug":"ametisto-kristalo-ziedas","status":"publish","type":"product","link":"https:\/\/sventasmiskas.lt\/en\/parduotuve\/ametisto-kristalo-ziedas\/","title":{"rendered":"Ametisto kristalo \u017eiedas"},"content":{"rendered":"<p>\u269c\ufe0e Vienetinis juodinto sidabro \u017eiedas su ametisto akmeniu.\u269c\ufe0e Sukurta i\u0161 925 ir 999 prabos sidabro, sveria 7,43 g.\u269c\ufe0e \u017diedo dydis 16,8.\u269c\ufe0e Prabuota Latvijos prabavimo r\u016bmuose.\u269c Papuo\u0161alas supakuotas medin\u0117je rank\u0173 darbo dovan\u0173 d\u0117\u017eut\u0117je.<\/p>","protected":false},"excerpt":{"rendered":"<p>\u269c\ufe0e Vienetinis juodinto sidabro \u017eiedas su ametisto akmeniu.\u269c\ufe0e Sukurta i\u0161 925 ir 999 prabos sidabro, sveria 7,43 g.\u269c\ufe0e \u017diedo dydis<\/p>","protected":false},"featured_media":35230,"template":"","meta":[],"product_brand":[],"product_cat":[124],"product_tag":[],"class_list":{"0":"post-35231","1":"product","2":"type-product","3":"status-publish","4":"has-post-thumbnail","6":"product_cat-ziedai","8":"first","9":"outofstock","10":"taxable","11":"shipping-taxable","12":"purchasable","13":"product-type-simple"},"jetpack_sharing_enabled":true,"_links":{"self":[{"href":"https:\/\/sventasmiskas.lt\/en\/wp-json\/wp\/v2\/product\/35231","targetHints":{"allow":["GET"]}}],"collection":[{"href":"https:\/\/sventasmiskas.lt\/en\/wp-json\/wp\/v2\/product"}],"about":[{"href":"https:\/\/sventasmiskas.lt\/en\/wp-json\/wp\/v2\/types\/product"}],"wp:featuredmedia":[{"embeddable":true,"href":"https:\/\/sventasmiskas.lt\/en\/wp-json\/wp\/v2\/media\/35230"}],"wp:attachment":[{"href":"https:\/\/sventasmiskas.lt\/en\/wp-json\/wp\/v2\/media?parent=35231"}],"wp:term":[{"taxonomy":"product_brand","embeddable":true,"href":"https:\/\/sventasmiskas.lt\/en\/wp-json\/wp\/v2\/product_brand?post=35231"},{"taxonomy":"product_cat","embeddable":true,"href":"https:\/\/sventasmiskas.lt\/en\/wp-json\/wp\/v2\/product_cat?post=35231"},{"taxonomy":"product_tag","embeddable":true,"href":"https:\/\/sventasmiskas.lt\/en\/wp-json\/wp\/v2\/product_tag?post=35231"}],"curies":[{"name":"wp","href":"https:\/\/api.w.org\/{rel}","templated":true}]}}