{"id":35227,"date":"2025-05-04T13:58:03","date_gmt":"2025-05-04T13:58:03","guid":{"rendered":"https:\/\/sventasmiskas.bool.lt\/parduotuve\/sidabrinis-lapelis\/"},"modified":"2025-10-28T19:34:35","modified_gmt":"2025-10-28T19:34:35","slug":"sidabrinis-lapelis","status":"publish","type":"product","link":"https:\/\/sventasmiskas.lt\/en\/parduotuve\/sidabrinis-lapelis\/","title":{"rendered":"Silver leaf"},"content":{"rendered":"<p>\u269c\ufe0e Pakabutis sukurtas i\u0161 tikro, kadaise augusio med\u017eio lapo antspaudo.\u269c\ufe0e Sidabras specialiai paveiktas ir i\u0161gauti tams\u016bs metalo&nbsp;atspalviai taip i\u0161ry\u0161kinant nat\u016bralaus augalo ra\u0161t\u0173 gro\u017e\u012f\u269c\ufe0e Parduodamas kartu su smulkia sidabrine grandin\u0117le, grandin\u0117l\u0117s ilgis 50 cm.\u269c\ufe0e Papuo\u0161alas sukurtas i\u0161 925 prabos sidabro, sveria 5,2 g, prabuotas Latvijos prabavimo r\u016bmuose\u269c\ufe0e Lapelio ilgis 4 cm<\/p>","protected":false},"excerpt":{"rendered":"<p>\u269c\ufe0e Pakabutis sukurtas i\u0161 tikro, kadaise augusio med\u017eio lapo antspaudo.\u269c\ufe0e Sidabras specialiai paveiktas ir i\u0161gauti tams\u016bs metalo&nbsp;atspalviai taip i\u0161ry\u0161kinant nat\u016bralaus<\/p>","protected":false},"featured_media":35226,"template":"","meta":[],"product_brand":[],"product_cat":[125],"product_tag":[],"class_list":{"0":"post-35227","1":"product","2":"type-product","3":"status-publish","4":"has-post-thumbnail","6":"product_cat-kaklo-papuosalai","8":"first","9":"outofstock","10":"taxable","11":"shipping-taxable","12":"purchasable","13":"product-type-simple"},"jetpack_sharing_enabled":true,"_links":{"self":[{"href":"https:\/\/sventasmiskas.lt\/en\/wp-json\/wp\/v2\/product\/35227","targetHints":{"allow":["GET"]}}],"collection":[{"href":"https:\/\/sventasmiskas.lt\/en\/wp-json\/wp\/v2\/product"}],"about":[{"href":"https:\/\/sventasmiskas.lt\/en\/wp-json\/wp\/v2\/types\/product"}],"wp:featuredmedia":[{"embeddable":true,"href":"https:\/\/sventasmiskas.lt\/en\/wp-json\/wp\/v2\/media\/35226"}],"wp:attachment":[{"href":"https:\/\/sventasmiskas.lt\/en\/wp-json\/wp\/v2\/media?parent=35227"}],"wp:term":[{"taxonomy":"product_brand","embeddable":true,"href":"https:\/\/sventasmiskas.lt\/en\/wp-json\/wp\/v2\/product_brand?post=35227"},{"taxonomy":"product_cat","embeddable":true,"href":"https:\/\/sventasmiskas.lt\/en\/wp-json\/wp\/v2\/product_cat?post=35227"},{"taxonomy":"product_tag","embeddable":true,"href":"https:\/\/sventasmiskas.lt\/en\/wp-json\/wp\/v2\/product_tag?post=35227"}],"curies":[{"name":"wp","href":"https:\/\/api.w.org\/{rel}","templated":true}]}}