{"id":35212,"date":"2025-05-04T13:57:00","date_gmt":"2025-05-04T13:57:00","guid":{"rendered":"https:\/\/sventasmiskas.bool.lt\/parduotuve\/senojo-tikejimo-zenklas\/"},"modified":"2025-10-28T19:34:35","modified_gmt":"2025-10-28T19:34:35","slug":"senojo-tikejimo-zenklas","status":"publish","type":"product","link":"https:\/\/sventasmiskas.lt\/en\/parduotuve\/senojo-tikejimo-zenklas\/","title":{"rendered":"Senojo tik\u0117jimo \u017eenklas"},"content":{"rendered":"<p>\u269c\ufe0e Unikalus papuo\u0161alas sukurtas panaudojus tikro \u017eal\u010dio form\u0105. Ant kelio vasaros metu radau \u017ealt\u012f partrenkt\u0105 ma\u0161inos. Tuomet jis buvo panaudotas k\u016bryboje &#8211; jo forma specialiais metodais nuimta ir atlieta i\u0161 925 prabos tamsinto sidabro.\u269c\ufe0e \u017diedo dydis 18,8 (esant poreikiui gali b\u016bti \u0161iek tiek didinamas).\u269c Prabuota Latvijos prabavimo r\u016bmuose, sidabro praba 925, sidabro praba 925, \u017eiedas sveria 6,05 g.\u269c Papuo\u0161alas parduodamas supakuotas medin\u0117je rank\u0173 darbo d\u0117\u017eut\u0117je.<\/p>","protected":false},"excerpt":{"rendered":"<p>\u269c\ufe0e Unikalus papuo\u0161alas sukurtas panaudojus tikro \u017eal\u010dio form\u0105. Ant kelio vasaros metu radau \u017ealt\u012f partrenkt\u0105 ma\u0161inos. Tuomet jis buvo panaudotas<\/p>","protected":false},"featured_media":35211,"template":"","meta":[],"product_brand":[],"product_cat":[124],"product_tag":[],"class_list":{"0":"post-35212","1":"product","2":"type-product","3":"status-publish","4":"has-post-thumbnail","6":"product_cat-ziedai","8":"first","9":"instock","10":"taxable","11":"shipping-taxable","12":"purchasable","13":"product-type-simple"},"jetpack_sharing_enabled":true,"_links":{"self":[{"href":"https:\/\/sventasmiskas.lt\/en\/wp-json\/wp\/v2\/product\/35212","targetHints":{"allow":["GET"]}}],"collection":[{"href":"https:\/\/sventasmiskas.lt\/en\/wp-json\/wp\/v2\/product"}],"about":[{"href":"https:\/\/sventasmiskas.lt\/en\/wp-json\/wp\/v2\/types\/product"}],"wp:featuredmedia":[{"embeddable":true,"href":"https:\/\/sventasmiskas.lt\/en\/wp-json\/wp\/v2\/media\/35211"}],"wp:attachment":[{"href":"https:\/\/sventasmiskas.lt\/en\/wp-json\/wp\/v2\/media?parent=35212"}],"wp:term":[{"taxonomy":"product_brand","embeddable":true,"href":"https:\/\/sventasmiskas.lt\/en\/wp-json\/wp\/v2\/product_brand?post=35212"},{"taxonomy":"product_cat","embeddable":true,"href":"https:\/\/sventasmiskas.lt\/en\/wp-json\/wp\/v2\/product_cat?post=35212"},{"taxonomy":"product_tag","embeddable":true,"href":"https:\/\/sventasmiskas.lt\/en\/wp-json\/wp\/v2\/product_tag?post=35212"}],"curies":[{"name":"wp","href":"https:\/\/api.w.org\/{rel}","templated":true}]}}