{"id":35203,"date":"2025-05-04T13:56:30","date_gmt":"2025-05-04T13:56:30","guid":{"rendered":"https:\/\/sventasmiskas.bool.lt\/parduotuve\/giriu-dvasios\/"},"modified":"2025-10-28T19:34:35","modified_gmt":"2025-10-28T19:34:35","slug":"giriu-dvasios","status":"publish","type":"product","link":"https:\/\/sventasmiskas.lt\/en\/parduotuve\/giriu-dvasios\/","title":{"rendered":"Giri\u0173 dvasios"},"content":{"rendered":"<p>\u269c\ufe0e Vienetinis sidabro \u017eiedas su 5 nat\u016braliais apatito akmenimis.\u269c\ufe0e Sukurta i\u0161 925 ir 999 prabos sidabro.\u269c\ufe0e \u017diedo dydis 17, svoris 3,48 g.\u269c\ufe0e Prabuota Latvijos prabavimo r\u016bmuose.\u269c Papuo\u0161alas parduodamas supakuotas medin\u0117je rank\u0173 darbo dovan\u0173 d\u0117\u017eut\u0117je.<\/p>","protected":false},"excerpt":{"rendered":"<p>\u269c\ufe0e Vienetinis sidabro \u017eiedas su 5 nat\u016braliais apatito akmenimis.\u269c\ufe0e Sukurta i\u0161 925 ir 999 prabos sidabro.\u269c\ufe0e \u017diedo dydis 17, svoris<\/p>","protected":false},"featured_media":35202,"template":"","meta":[],"product_brand":[],"product_cat":[124],"product_tag":[],"class_list":{"0":"post-35203","1":"product","2":"type-product","3":"status-publish","4":"has-post-thumbnail","6":"product_cat-ziedai","8":"first","9":"instock","10":"taxable","11":"shipping-taxable","12":"purchasable","13":"product-type-simple"},"jetpack_sharing_enabled":true,"_links":{"self":[{"href":"https:\/\/sventasmiskas.lt\/en\/wp-json\/wp\/v2\/product\/35203","targetHints":{"allow":["GET"]}}],"collection":[{"href":"https:\/\/sventasmiskas.lt\/en\/wp-json\/wp\/v2\/product"}],"about":[{"href":"https:\/\/sventasmiskas.lt\/en\/wp-json\/wp\/v2\/types\/product"}],"wp:featuredmedia":[{"embeddable":true,"href":"https:\/\/sventasmiskas.lt\/en\/wp-json\/wp\/v2\/media\/35202"}],"wp:attachment":[{"href":"https:\/\/sventasmiskas.lt\/en\/wp-json\/wp\/v2\/media?parent=35203"}],"wp:term":[{"taxonomy":"product_brand","embeddable":true,"href":"https:\/\/sventasmiskas.lt\/en\/wp-json\/wp\/v2\/product_brand?post=35203"},{"taxonomy":"product_cat","embeddable":true,"href":"https:\/\/sventasmiskas.lt\/en\/wp-json\/wp\/v2\/product_cat?post=35203"},{"taxonomy":"product_tag","embeddable":true,"href":"https:\/\/sventasmiskas.lt\/en\/wp-json\/wp\/v2\/product_tag?post=35203"}],"curies":[{"name":"wp","href":"https:\/\/api.w.org\/{rel}","templated":true}]}}