{"id":35194,"date":"2025-05-04T13:56:09","date_gmt":"2025-05-04T13:56:09","guid":{"rendered":"https:\/\/sventasmiskas.bool.lt\/?post_type=product&#038;p=35194"},"modified":"2025-10-28T19:34:40","modified_gmt":"2025-10-28T19:34:40","slug":"smulkus-ziedas-su-opalu","status":"publish","type":"product","link":"https:\/\/sventasmiskas.lt\/en\/parduotuve\/smulkus-ziedas-su-opalu\/","title":{"rendered":"Smulkus \u017eiedas su opalu"},"content":{"rendered":"<p>\u269c Smulkus sidabro \u017eiedas su nat\u016braliu opalo akmeniu.\u269c \u0160io minimalistinio \u017eiedo dizainas primena spygliuo\u010dio augalo \u0161akel\u0119.\u269c Dydis 19 (esant poreikiui gali b\u016bti \u0161iek tiek didinamas).\u269c Prabuota Lietuvos prabavimo r\u016bmuose, sidabro praba 925, sveria 1,74 g.\u269c Papuo\u0161alas atkeliauja supakuotas dovan\u0173 d\u0117\u017eut\u0117je.<\/p>","protected":false},"excerpt":{"rendered":"<p>\u269c Smulkus sidabro \u017eiedas su nat\u016braliu opalo akmeniu.\u269c \u0160io minimalistinio \u017eiedo dizainas primena spygliuo\u010dio augalo \u0161akel\u0119.\u269c Dydis 19 (esant poreikiui<\/p>","protected":false},"featured_media":35250,"template":"","meta":[],"product_brand":[],"product_cat":[124],"product_tag":[],"class_list":{"0":"post-35194","1":"product","2":"type-product","3":"status-publish","4":"has-post-thumbnail","6":"product_cat-ziedai","8":"first","9":"outofstock","10":"taxable","11":"shipping-taxable","12":"purchasable","13":"product-type-variable"},"jetpack_sharing_enabled":true,"_links":{"self":[{"href":"https:\/\/sventasmiskas.lt\/en\/wp-json\/wp\/v2\/product\/35194","targetHints":{"allow":["GET"]}}],"collection":[{"href":"https:\/\/sventasmiskas.lt\/en\/wp-json\/wp\/v2\/product"}],"about":[{"href":"https:\/\/sventasmiskas.lt\/en\/wp-json\/wp\/v2\/types\/product"}],"wp:featuredmedia":[{"embeddable":true,"href":"https:\/\/sventasmiskas.lt\/en\/wp-json\/wp\/v2\/media\/35250"}],"wp:attachment":[{"href":"https:\/\/sventasmiskas.lt\/en\/wp-json\/wp\/v2\/media?parent=35194"}],"wp:term":[{"taxonomy":"product_brand","embeddable":true,"href":"https:\/\/sventasmiskas.lt\/en\/wp-json\/wp\/v2\/product_brand?post=35194"},{"taxonomy":"product_cat","embeddable":true,"href":"https:\/\/sventasmiskas.lt\/en\/wp-json\/wp\/v2\/product_cat?post=35194"},{"taxonomy":"product_tag","embeddable":true,"href":"https:\/\/sventasmiskas.lt\/en\/wp-json\/wp\/v2\/product_tag?post=35194"}],"curies":[{"name":"wp","href":"https:\/\/api.w.org\/{rel}","templated":true}]}}