{"id":35190,"date":"2025-05-04T13:55:44","date_gmt":"2025-05-04T13:55:44","guid":{"rendered":"https:\/\/sventasmiskas.bool.lt\/parduotuve\/juodinto-sidabro-ziedas-simit\/"},"modified":"2025-10-28T19:34:35","modified_gmt":"2025-10-28T19:34:35","slug":"juodinto-sidabro-ziedas-simit","status":"publish","type":"product","link":"https:\/\/sventasmiskas.lt\/en\/parduotuve\/juodinto-sidabro-ziedas-simit\/","title":{"rendered":"Juodinto sidabro \u017eiedas Simit"},"content":{"rendered":"<p>\u269c\ufe0e Sidabrinis \u017eiedas, sukurtas pagal tikros virv\u0117s model\u012f\u269c\ufe0e 925 praba, \u017eiedo svoris 4,6 g, prabuota Lietuvos prabavimo r\u016bmuose \u269c\ufe0e \u017diedo dydis 17<\/p>","protected":false},"excerpt":{"rendered":"<p>\u269c\ufe0e Sidabrinis \u017eiedas, sukurtas pagal tikros virv\u0117s model\u012f\u269c\ufe0e 925 praba, \u017eiedo svoris 4,6 g, prabuota Lietuvos prabavimo r\u016bmuose \u269c\ufe0e \u017diedo<\/p>","protected":false},"featured_media":35189,"template":"","meta":[],"product_brand":[],"product_cat":[124],"product_tag":[],"class_list":{"0":"post-35190","1":"product","2":"type-product","3":"status-publish","4":"has-post-thumbnail","6":"product_cat-ziedai","8":"first","9":"instock","10":"taxable","11":"shipping-taxable","12":"purchasable","13":"product-type-simple"},"jetpack_sharing_enabled":true,"_links":{"self":[{"href":"https:\/\/sventasmiskas.lt\/en\/wp-json\/wp\/v2\/product\/35190","targetHints":{"allow":["GET"]}}],"collection":[{"href":"https:\/\/sventasmiskas.lt\/en\/wp-json\/wp\/v2\/product"}],"about":[{"href":"https:\/\/sventasmiskas.lt\/en\/wp-json\/wp\/v2\/types\/product"}],"wp:featuredmedia":[{"embeddable":true,"href":"https:\/\/sventasmiskas.lt\/en\/wp-json\/wp\/v2\/media\/35189"}],"wp:attachment":[{"href":"https:\/\/sventasmiskas.lt\/en\/wp-json\/wp\/v2\/media?parent=35190"}],"wp:term":[{"taxonomy":"product_brand","embeddable":true,"href":"https:\/\/sventasmiskas.lt\/en\/wp-json\/wp\/v2\/product_brand?post=35190"},{"taxonomy":"product_cat","embeddable":true,"href":"https:\/\/sventasmiskas.lt\/en\/wp-json\/wp\/v2\/product_cat?post=35190"},{"taxonomy":"product_tag","embeddable":true,"href":"https:\/\/sventasmiskas.lt\/en\/wp-json\/wp\/v2\/product_tag?post=35190"}],"curies":[{"name":"wp","href":"https:\/\/api.w.org\/{rel}","templated":true}]}}