{"id":35177,"date":"2025-05-04T13:55:01","date_gmt":"2025-05-04T13:55:01","guid":{"rendered":"https:\/\/sventasmiskas.bool.lt\/parduotuve\/menulio-sviesa-ii\/"},"modified":"2025-10-28T19:34:35","modified_gmt":"2025-10-28T19:34:35","slug":"menulio-sviesa-ii","status":"publish","type":"product","link":"https:\/\/sventasmiskas.lt\/en\/parduotuve\/menulio-sviesa-ii\/","title":{"rendered":"M\u0117nulio \u0161viesa II"},"content":{"rendered":"<p>\u269c\ufe0e Vienetinis sidabro \u017eiedas su nat\u016braliais Etiopijos opal\u0173 akmenimis.\u269c\ufe0e Sukurta i\u0161 925 ir 999 prabos sidabro, \u017eiedo svoris 2,2 g.\u269c\ufe0e \u017diedo dydis 16,5.\u269c\ufe0e Prabuota Lietuvos prabavimo r\u016bmuose.\u269c Papuo\u0161alas parduodamas supakuotas medin\u0117je rank\u0173 darbo dovan\u0173 d\u0117\u017eut\u0117je.<\/p>","protected":false},"excerpt":{"rendered":"<p>\u269c\ufe0e Vienetinis sidabro \u017eiedas su nat\u016braliais Etiopijos opal\u0173 akmenimis.\u269c\ufe0e Sukurta i\u0161 925 ir 999 prabos sidabro, \u017eiedo svoris 2,2 g.\u269c\ufe0e<\/p>","protected":false},"featured_media":35176,"template":"","meta":[],"product_brand":[],"product_cat":[124],"product_tag":[],"class_list":{"0":"post-35177","1":"product","2":"type-product","3":"status-publish","4":"has-post-thumbnail","6":"product_cat-ziedai","8":"first","9":"instock","10":"taxable","11":"shipping-taxable","12":"purchasable","13":"product-type-simple"},"jetpack_sharing_enabled":true,"_links":{"self":[{"href":"https:\/\/sventasmiskas.lt\/en\/wp-json\/wp\/v2\/product\/35177","targetHints":{"allow":["GET"]}}],"collection":[{"href":"https:\/\/sventasmiskas.lt\/en\/wp-json\/wp\/v2\/product"}],"about":[{"href":"https:\/\/sventasmiskas.lt\/en\/wp-json\/wp\/v2\/types\/product"}],"wp:featuredmedia":[{"embeddable":true,"href":"https:\/\/sventasmiskas.lt\/en\/wp-json\/wp\/v2\/media\/35176"}],"wp:attachment":[{"href":"https:\/\/sventasmiskas.lt\/en\/wp-json\/wp\/v2\/media?parent=35177"}],"wp:term":[{"taxonomy":"product_brand","embeddable":true,"href":"https:\/\/sventasmiskas.lt\/en\/wp-json\/wp\/v2\/product_brand?post=35177"},{"taxonomy":"product_cat","embeddable":true,"href":"https:\/\/sventasmiskas.lt\/en\/wp-json\/wp\/v2\/product_cat?post=35177"},{"taxonomy":"product_tag","embeddable":true,"href":"https:\/\/sventasmiskas.lt\/en\/wp-json\/wp\/v2\/product_tag?post=35177"}],"curies":[{"name":"wp","href":"https:\/\/api.w.org\/{rel}","templated":true}]}}