{"id":35175,"date":"2025-05-04T13:54:56","date_gmt":"2025-05-04T13:54:56","guid":{"rendered":"https:\/\/sventasmiskas.bool.lt\/parduotuve\/violetine-saule\/"},"modified":"2026-04-01T16:26:50","modified_gmt":"2026-04-01T16:26:50","slug":"violetine-saule","status":"publish","type":"product","link":"https:\/\/sventasmiskas.lt\/en\/parduotuve\/violetine-saule\/","title":{"rendered":"M\u0117lyna saul\u0117"},"content":{"rendered":"<p>\u269c\ufe0e Patogaus ir puo\u0161naus dizaino pakabukas su \u017eydros spalvos topazo akmeniu.<\/p>\n<p>\u269c\ufe0e Pakabukas parduodamas su smulkia sidabro grandin\u0117le, sukurti i\u0161 925 prabos sidabro, sveria 4,26 g.<\/p>\n<p>\u269c Prabuota Latvijos prabavimo r\u016bmuose.<\/p>\n<p>\u269c Papuo\u0161alas parduodamas supakuotas dovan\u0173 pakuot\u0117je.<\/p>","protected":false},"excerpt":{"rendered":"<p>\u269c\ufe0e Patogaus ir puo\u0161naus dizaino pakabukas su \u017eydros spalvos topazo akmeniu. \u269c\ufe0e Pakabukas parduodamas su smulkia sidabro grandin\u0117le, sukurti i\u0161<\/p>","protected":false},"featured_media":37008,"template":"","meta":[],"product_brand":[],"product_cat":[125],"product_tag":[],"class_list":{"0":"post-35175","1":"product","2":"type-product","3":"status-publish","4":"has-post-thumbnail","6":"product_cat-kaklo-papuosalai","8":"first","9":"instock","10":"taxable","11":"shipping-taxable","12":"purchasable","13":"product-type-simple"},"jetpack_sharing_enabled":true,"_links":{"self":[{"href":"https:\/\/sventasmiskas.lt\/en\/wp-json\/wp\/v2\/product\/35175","targetHints":{"allow":["GET"]}}],"collection":[{"href":"https:\/\/sventasmiskas.lt\/en\/wp-json\/wp\/v2\/product"}],"about":[{"href":"https:\/\/sventasmiskas.lt\/en\/wp-json\/wp\/v2\/types\/product"}],"wp:featuredmedia":[{"embeddable":true,"href":"https:\/\/sventasmiskas.lt\/en\/wp-json\/wp\/v2\/media\/37008"}],"wp:attachment":[{"href":"https:\/\/sventasmiskas.lt\/en\/wp-json\/wp\/v2\/media?parent=35175"}],"wp:term":[{"taxonomy":"product_brand","embeddable":true,"href":"https:\/\/sventasmiskas.lt\/en\/wp-json\/wp\/v2\/product_brand?post=35175"},{"taxonomy":"product_cat","embeddable":true,"href":"https:\/\/sventasmiskas.lt\/en\/wp-json\/wp\/v2\/product_cat?post=35175"},{"taxonomy":"product_tag","embeddable":true,"href":"https:\/\/sventasmiskas.lt\/en\/wp-json\/wp\/v2\/product_tag?post=35175"}],"curies":[{"name":"wp","href":"https:\/\/api.w.org\/{rel}","templated":true}]}}