{"id":35172,"date":"2025-05-04T13:54:52","date_gmt":"2025-05-04T13:54:52","guid":{"rendered":"https:\/\/sventasmiskas.bool.lt\/?post_type=product&#038;p=35172"},"modified":"2025-10-28T19:34:40","modified_gmt":"2025-10-28T19:34:40","slug":"dangaus-dovana","status":"publish","type":"product","link":"https:\/\/sventasmiskas.lt\/en\/parduotuve\/dangaus-dovana\/","title":{"rendered":"Heaven&#039;s gift"},"content":{"rendered":"<p>\u269c Rank\u0173 darbo pakabukas su Muonionalusta meteoritu.\u269c Pakabuko ilgis 11 mm, su pakabinimo detale 15 mm.\u269c Pakabukui naudotas 925 prabos sidabras, pakabuko svoris su grandin\u0117le 4,57 g.\u269c Pakabinimo detal\u0117- sidabrin\u0117, papuo\u0161alas parduodamas kartu su sidabrine (925 praba) grandin\u0117le arba be jos.\u269c Prabuota Lietuvos prabavimo r\u016bmuose.\u269c Papuo\u0161alas parduodamas supakuotas dovan\u0173 pakuot\u0117je.<\/p>","protected":false},"excerpt":{"rendered":"<p>\u269c Rank\u0173 darbo pakabukas su Muonionalusta meteoritu.\u269c Pakabuko ilgis 11 mm, su pakabinimo detale 15 mm.\u269c Pakabukui naudotas 925 prabos<\/p>","protected":false},"featured_media":35234,"template":"","meta":[],"product_brand":[],"product_cat":[125],"product_tag":[],"class_list":{"0":"post-35172","1":"product","2":"type-product","3":"status-publish","4":"has-post-thumbnail","6":"product_cat-kaklo-papuosalai","8":"first","9":"outofstock","10":"taxable","11":"shipping-taxable","12":"purchasable","13":"product-type-variable"},"jetpack_sharing_enabled":true,"_links":{"self":[{"href":"https:\/\/sventasmiskas.lt\/en\/wp-json\/wp\/v2\/product\/35172","targetHints":{"allow":["GET"]}}],"collection":[{"href":"https:\/\/sventasmiskas.lt\/en\/wp-json\/wp\/v2\/product"}],"about":[{"href":"https:\/\/sventasmiskas.lt\/en\/wp-json\/wp\/v2\/types\/product"}],"wp:featuredmedia":[{"embeddable":true,"href":"https:\/\/sventasmiskas.lt\/en\/wp-json\/wp\/v2\/media\/35234"}],"wp:attachment":[{"href":"https:\/\/sventasmiskas.lt\/en\/wp-json\/wp\/v2\/media?parent=35172"}],"wp:term":[{"taxonomy":"product_brand","embeddable":true,"href":"https:\/\/sventasmiskas.lt\/en\/wp-json\/wp\/v2\/product_brand?post=35172"},{"taxonomy":"product_cat","embeddable":true,"href":"https:\/\/sventasmiskas.lt\/en\/wp-json\/wp\/v2\/product_cat?post=35172"},{"taxonomy":"product_tag","embeddable":true,"href":"https:\/\/sventasmiskas.lt\/en\/wp-json\/wp\/v2\/product_tag?post=35172"}],"curies":[{"name":"wp","href":"https:\/\/api.w.org\/{rel}","templated":true}]}}