{"id":35168,"date":"2025-05-04T13:54:47","date_gmt":"2025-05-04T13:54:47","guid":{"rendered":"https:\/\/sventasmiskas.bool.lt\/parduotuve\/auskarai-su-saules-akmenimis\/"},"modified":"2025-10-28T19:34:35","modified_gmt":"2025-10-28T19:34:35","slug":"auskarai-su-saules-akmenimis","status":"publish","type":"product","link":"https:\/\/sventasmiskas.lt\/en\/parduotuve\/auskarai-su-saules-akmenimis\/","title":{"rendered":"Earrings with sunstones"},"content":{"rendered":"<p>Sidabriniai auskarai su saul\u0117s akmenimisAuskar\u0173 diametras 10,8 mmAuskarai atkeliauja \u012fsegti \u012f nat\u016bralaus med\u017eio \u017eiev\u0119 ir yra supakuoti kartonin\u0117je dovan\u0173 d\u0117\u017eut\u0117je. Sveria 3,07 g, sukurti i\u0161 925 prabos sidabro, prabuota Lietuvos prabavimo r\u016bmuose.<\/p>","protected":false},"excerpt":{"rendered":"<p>Sidabriniai auskarai su saul\u0117s akmenimisAuskar\u0173 diametras 10,8 mmAuskarai atkeliauja \u012fsegti \u012f nat\u016bralaus med\u017eio \u017eiev\u0119 ir yra supakuoti kartonin\u0117je dovan\u0173 d\u0117\u017eut\u0117je.<\/p>","protected":false},"featured_media":35167,"template":"","meta":[],"product_brand":[],"product_cat":[123],"product_tag":[],"class_list":{"0":"post-35168","1":"product","2":"type-product","3":"status-publish","4":"has-post-thumbnail","6":"product_cat-auskarai","8":"first","9":"instock","10":"taxable","11":"shipping-taxable","12":"purchasable","13":"product-type-simple"},"jetpack_sharing_enabled":true,"_links":{"self":[{"href":"https:\/\/sventasmiskas.lt\/en\/wp-json\/wp\/v2\/product\/35168","targetHints":{"allow":["GET"]}}],"collection":[{"href":"https:\/\/sventasmiskas.lt\/en\/wp-json\/wp\/v2\/product"}],"about":[{"href":"https:\/\/sventasmiskas.lt\/en\/wp-json\/wp\/v2\/types\/product"}],"wp:featuredmedia":[{"embeddable":true,"href":"https:\/\/sventasmiskas.lt\/en\/wp-json\/wp\/v2\/media\/35167"}],"wp:attachment":[{"href":"https:\/\/sventasmiskas.lt\/en\/wp-json\/wp\/v2\/media?parent=35168"}],"wp:term":[{"taxonomy":"product_brand","embeddable":true,"href":"https:\/\/sventasmiskas.lt\/en\/wp-json\/wp\/v2\/product_brand?post=35168"},{"taxonomy":"product_cat","embeddable":true,"href":"https:\/\/sventasmiskas.lt\/en\/wp-json\/wp\/v2\/product_cat?post=35168"},{"taxonomy":"product_tag","embeddable":true,"href":"https:\/\/sventasmiskas.lt\/en\/wp-json\/wp\/v2\/product_tag?post=35168"}],"curies":[{"name":"wp","href":"https:\/\/api.w.org\/{rel}","templated":true}]}}