{"id":35163,"date":"2025-05-04T13:54:29","date_gmt":"2025-05-04T13:54:29","guid":{"rendered":"https:\/\/sventasmiskas.bool.lt\/?post_type=product&#038;p=35163"},"modified":"2025-10-28T19:34:40","modified_gmt":"2025-10-28T19:34:40","slug":"ziedas-drugelis","status":"publish","type":"product","link":"https:\/\/sventasmiskas.lt\/en\/parduotuve\/ziedas-drugelis\/","title":{"rendered":"Butterfly ring"},"content":{"rendered":"<p>\u269c Sukurta nuo tikro drugelio nu\u0117mus form\u0105 ir j\u0105 i\u0161liejus i\u0161 sidabro. \u269c Prabuota Latvijos prabavimo r\u016bmuose, sidabro praba 925, sveria 15,27 g.\u269c Papuo\u0161alas parduodamas supakuotas medin\u0117je rank\u0173 darbo d\u0117\u017eut\u0117je.<\/p>","protected":false},"excerpt":{"rendered":"<p>\u269c Sukurta nuo tikro drugelio nu\u0117mus form\u0105 ir j\u0105 i\u0161liejus i\u0161 sidabro. \u269c Prabuota Latvijos prabavimo r\u016bmuose, sidabro praba 925,<\/p>","protected":false},"featured_media":35221,"template":"","meta":[],"product_brand":[],"product_cat":[124],"product_tag":[],"class_list":{"0":"post-35163","1":"product","2":"type-product","3":"status-publish","4":"has-post-thumbnail","6":"product_cat-ziedai","8":"first","9":"outofstock","10":"taxable","11":"shipping-taxable","12":"purchasable","13":"product-type-variable"},"jetpack_sharing_enabled":true,"_links":{"self":[{"href":"https:\/\/sventasmiskas.lt\/en\/wp-json\/wp\/v2\/product\/35163","targetHints":{"allow":["GET"]}}],"collection":[{"href":"https:\/\/sventasmiskas.lt\/en\/wp-json\/wp\/v2\/product"}],"about":[{"href":"https:\/\/sventasmiskas.lt\/en\/wp-json\/wp\/v2\/types\/product"}],"wp:featuredmedia":[{"embeddable":true,"href":"https:\/\/sventasmiskas.lt\/en\/wp-json\/wp\/v2\/media\/35221"}],"wp:attachment":[{"href":"https:\/\/sventasmiskas.lt\/en\/wp-json\/wp\/v2\/media?parent=35163"}],"wp:term":[{"taxonomy":"product_brand","embeddable":true,"href":"https:\/\/sventasmiskas.lt\/en\/wp-json\/wp\/v2\/product_brand?post=35163"},{"taxonomy":"product_cat","embeddable":true,"href":"https:\/\/sventasmiskas.lt\/en\/wp-json\/wp\/v2\/product_cat?post=35163"},{"taxonomy":"product_tag","embeddable":true,"href":"https:\/\/sventasmiskas.lt\/en\/wp-json\/wp\/v2\/product_tag?post=35163"}],"curies":[{"name":"wp","href":"https:\/\/api.w.org\/{rel}","templated":true}]}}