{"id":35144,"date":"2025-05-04T13:53:21","date_gmt":"2025-05-04T13:53:21","guid":{"rendered":"https:\/\/sventasmiskas.bool.lt\/?post_type=product&#038;p=35144"},"modified":"2025-11-06T11:48:47","modified_gmt":"2025-11-06T11:48:47","slug":"ex-voto-juodas","status":"publish","type":"product","link":"https:\/\/sventasmiskas.lt\/en\/parduotuve\/ex-voto-juodas\/","title":{"rendered":"Ex voto Juodas"},"content":{"rendered":"<p>\u269c Nedidelis (18 mm ilgis) tamsinto sidabro pakabukas su 4 mm dyd\u017eio juodu (labai tamsiai m\u0117lynu) \u0161irdel\u0117s formos akmeniu.\u269c Papuo\u0161alo dizainas \u012fkv\u0117ptas krik\u0161\u010dioni\u0161k\u0173j\u0173 vot\u0173 simbolikos. Votas (lot. votum \u2013 link\u0117jimas, dovana, pa\u017eadas) yra asmenin\u0117s pad\u0117kos, \u012f\u017eado ar pra\u0161ymo \u017eenklas.\u269c Prabuota Lietuvos prabavimo r\u016bmuose, papuo\u0161alo svoris su grandin\u0117le 3,51 g.\u269c Papuo\u0161alas parduodamas supakuotas medin\u0117je rank\u0173 darbo dovan\u0173 d\u0117\u017eut\u0117je.<\/p>","protected":false},"excerpt":{"rendered":"<p>\u269c Nedidelis (18 mm ilgis) tamsinto sidabro pakabukas su 4 mm dyd\u017eio juodu (labai tamsiai m\u0117lynu) \u0161irdel\u0117s formos akmeniu.\u269c Papuo\u0161alo<\/p>","protected":false},"featured_media":35199,"template":"","meta":[],"product_brand":[],"product_cat":[125],"product_tag":[],"class_list":{"0":"post-35144","1":"product","2":"type-product","3":"status-publish","4":"has-post-thumbnail","6":"product_cat-kaklo-papuosalai","8":"first","9":"instock","10":"taxable","11":"shipping-taxable","12":"purchasable","13":"product-type-variable"},"jetpack_sharing_enabled":true,"_links":{"self":[{"href":"https:\/\/sventasmiskas.lt\/en\/wp-json\/wp\/v2\/product\/35144","targetHints":{"allow":["GET"]}}],"collection":[{"href":"https:\/\/sventasmiskas.lt\/en\/wp-json\/wp\/v2\/product"}],"about":[{"href":"https:\/\/sventasmiskas.lt\/en\/wp-json\/wp\/v2\/types\/product"}],"wp:featuredmedia":[{"embeddable":true,"href":"https:\/\/sventasmiskas.lt\/en\/wp-json\/wp\/v2\/media\/35199"}],"wp:attachment":[{"href":"https:\/\/sventasmiskas.lt\/en\/wp-json\/wp\/v2\/media?parent=35144"}],"wp:term":[{"taxonomy":"product_brand","embeddable":true,"href":"https:\/\/sventasmiskas.lt\/en\/wp-json\/wp\/v2\/product_brand?post=35144"},{"taxonomy":"product_cat","embeddable":true,"href":"https:\/\/sventasmiskas.lt\/en\/wp-json\/wp\/v2\/product_cat?post=35144"},{"taxonomy":"product_tag","embeddable":true,"href":"https:\/\/sventasmiskas.lt\/en\/wp-json\/wp\/v2\/product_tag?post=35144"}],"curies":[{"name":"wp","href":"https:\/\/api.w.org\/{rel}","templated":true}]}}