{"id":35143,"date":"2025-05-04T13:53:21","date_gmt":"2025-05-04T13:53:21","guid":{"rendered":"https:\/\/sventasmiskas.bool.lt\/?post_type=product&#038;p=35143"},"modified":"2025-10-28T19:34:40","modified_gmt":"2025-10-28T19:34:40","slug":"dangiskasis-globejas-su-juodu-deimantu","status":"publish","type":"product","link":"https:\/\/sventasmiskas.lt\/en\/parduotuve\/dangiskasis-globejas-su-juodu-deimantu\/","title":{"rendered":"Dangi\u0161kasis glob\u0117jas su juodu deimantu"},"content":{"rendered":"<p>\u269c Nedidelis sidabro pakabukas su 1,3 mm dyd\u017eio juodu deimantu.\u269c Angeliukas  dengtas 5 mikron\u0173 storio gryno aukso sluoksniu.\u269c Prabuota Latvijos prabavimo r\u016bmuose. Sidabro praba 925, pakabuko su grandin\u0117le svoris 2,66 g. Deimanto autenti\u0161kumas patvirtintas prabavimo r\u016bm\u0173 etiket\u0117je, specifikacijos para\u0161ytos paskutin\u0117je nuotraukoje.\u269c Papuo\u0161alas parduodamas supakuotas medin\u0117je rank\u0173 darbo dovan\u0173 d\u0117\u017eut\u0117je.<\/p>","protected":false},"excerpt":{"rendered":"<p>\u269c Nedidelis sidabro pakabukas su 1,3 mm dyd\u017eio juodu deimantu.\u269c Angeliukas dengtas 5 mikron\u0173 storio gryno aukso sluoksniu.\u269c Prabuota Latvijos<\/p>","protected":false},"featured_media":35195,"template":"","meta":[],"product_brand":[],"product_cat":[125],"product_tag":[],"class_list":{"0":"post-35143","1":"product","2":"type-product","3":"status-publish","4":"has-post-thumbnail","6":"product_cat-kaklo-papuosalai","8":"first","9":"outofstock","10":"taxable","11":"shipping-taxable","12":"purchasable","13":"product-type-variable"},"jetpack_sharing_enabled":true,"_links":{"self":[{"href":"https:\/\/sventasmiskas.lt\/en\/wp-json\/wp\/v2\/product\/35143","targetHints":{"allow":["GET"]}}],"collection":[{"href":"https:\/\/sventasmiskas.lt\/en\/wp-json\/wp\/v2\/product"}],"about":[{"href":"https:\/\/sventasmiskas.lt\/en\/wp-json\/wp\/v2\/types\/product"}],"wp:featuredmedia":[{"embeddable":true,"href":"https:\/\/sventasmiskas.lt\/en\/wp-json\/wp\/v2\/media\/35195"}],"wp:attachment":[{"href":"https:\/\/sventasmiskas.lt\/en\/wp-json\/wp\/v2\/media?parent=35143"}],"wp:term":[{"taxonomy":"product_brand","embeddable":true,"href":"https:\/\/sventasmiskas.lt\/en\/wp-json\/wp\/v2\/product_brand?post=35143"},{"taxonomy":"product_cat","embeddable":true,"href":"https:\/\/sventasmiskas.lt\/en\/wp-json\/wp\/v2\/product_cat?post=35143"},{"taxonomy":"product_tag","embeddable":true,"href":"https:\/\/sventasmiskas.lt\/en\/wp-json\/wp\/v2\/product_tag?post=35143"}],"curies":[{"name":"wp","href":"https:\/\/api.w.org\/{rel}","templated":true}]}}