{"id":35142,"date":"2025-05-04T13:53:20","date_gmt":"2025-05-04T13:53:20","guid":{"rendered":"https:\/\/sventasmiskas.bool.lt\/?post_type=product&#038;p=35142"},"modified":"2026-04-29T11:51:29","modified_gmt":"2026-04-29T11:51:29","slug":"sidabrinis-ziedas-su-mini-sampaniniu-deimantu","status":"publish","type":"product","link":"https:\/\/sventasmiskas.lt\/en\/parduotuve\/sidabrinis-ziedas-su-mini-sampaniniu-deimantu\/","title":{"rendered":"Sidabrinis \u017eiedas su mini \u0161ampaniniu deimantu"},"content":{"rendered":"<p>\u269c Autorinis rank\u0173 darbo \u017eiedas.\u269c \u017diedas inkrustuotas ma\u017eu \u0161ampaniniu deimantu. Deimanto autenti\u0161kumas patvirtintas prabavimo r\u016bm\u0173 etiket\u0117je, specifikacijos para\u0161ytos paskutin\u0117je nuotraukoje.\u269c Prabuota Latvijos prabavimo r\u016bmuose, sidabro praba 925, sveria 1,36 g.\u269c Galima rinktis i\u0161 keli\u0173 skirting\u0173 dyd\u017ei\u0173.\u269c Papuo\u0161alas parduodamas supakuotas medin\u0117je rank\u0173 darbo d\u0117\u017eut\u0117je.<\/p>","protected":false},"excerpt":{"rendered":"<p>\u269c Autorinis rank\u0173 darbo \u017eiedas.\u269c \u017diedas inkrustuotas ma\u017eu \u0161ampaniniu deimantu. Deimanto autenti\u0161kumas patvirtintas prabavimo r\u016bm\u0173 etiket\u0117je, specifikacijos para\u0161ytos paskutin\u0117je nuotraukoje.\u269c<\/p>","protected":false},"featured_media":35179,"template":"","meta":[],"product_brand":[],"product_cat":[124],"product_tag":[],"class_list":{"0":"post-35142","1":"product","2":"type-product","3":"status-publish","4":"has-post-thumbnail","6":"product_cat-ziedai","8":"first","9":"outofstock","10":"taxable","11":"shipping-taxable","12":"purchasable","13":"product-type-variable"},"jetpack_sharing_enabled":true,"_links":{"self":[{"href":"https:\/\/sventasmiskas.lt\/en\/wp-json\/wp\/v2\/product\/35142","targetHints":{"allow":["GET"]}}],"collection":[{"href":"https:\/\/sventasmiskas.lt\/en\/wp-json\/wp\/v2\/product"}],"about":[{"href":"https:\/\/sventasmiskas.lt\/en\/wp-json\/wp\/v2\/types\/product"}],"wp:featuredmedia":[{"embeddable":true,"href":"https:\/\/sventasmiskas.lt\/en\/wp-json\/wp\/v2\/media\/35179"}],"wp:attachment":[{"href":"https:\/\/sventasmiskas.lt\/en\/wp-json\/wp\/v2\/media?parent=35142"}],"wp:term":[{"taxonomy":"product_brand","embeddable":true,"href":"https:\/\/sventasmiskas.lt\/en\/wp-json\/wp\/v2\/product_brand?post=35142"},{"taxonomy":"product_cat","embeddable":true,"href":"https:\/\/sventasmiskas.lt\/en\/wp-json\/wp\/v2\/product_cat?post=35142"},{"taxonomy":"product_tag","embeddable":true,"href":"https:\/\/sventasmiskas.lt\/en\/wp-json\/wp\/v2\/product_tag?post=35142"}],"curies":[{"name":"wp","href":"https:\/\/api.w.org\/{rel}","templated":true}]}}