{"id":35141,"date":"2025-05-04T13:53:20","date_gmt":"2025-05-04T13:53:20","guid":{"rendered":"https:\/\/sventasmiskas.bool.lt\/?post_type=product&#038;p=35141"},"modified":"2025-12-17T19:11:33","modified_gmt":"2025-12-17T19:11:33","slug":"piku-dama-i","status":"publish","type":"product","link":"https:\/\/sventasmiskas.lt\/en\/parduotuve\/piku-dama-i\/","title":{"rendered":"Queen of Spades I"},"content":{"rendered":"<p>\u269c Nedidelis (13 mm ilgis) tamsaus sidabro pakabukas su organi\u0161komis tekst\u016bromis.\u269c Sukurta i\u0161 925 prabos sidabro, prabuota Lietuvos prabavimo r\u016bmuose, sveria su grandin\u0117le 2,86 g.\u269c Papuo\u0161alas parduodamas supakuotas dovan\u0173 pakuot\u0117je.<\/p>","protected":false},"excerpt":{"rendered":"<p>\u269c Nedidelis (13 mm ilgis) tamsaus sidabro pakabukas su organi\u0161komis tekst\u016bromis.\u269c Sukurta i\u0161 925 prabos sidabro, prabuota Lietuvos prabavimo r\u016bmuose,<\/p>","protected":false},"featured_media":35164,"template":"","meta":[],"product_brand":[],"product_cat":[125],"product_tag":[],"class_list":{"0":"post-35141","1":"product","2":"type-product","3":"status-publish","4":"has-post-thumbnail","6":"product_cat-kaklo-papuosalai","8":"first","9":"outofstock","10":"taxable","11":"shipping-taxable","12":"purchasable","13":"product-type-variable"},"jetpack_sharing_enabled":true,"_links":{"self":[{"href":"https:\/\/sventasmiskas.lt\/en\/wp-json\/wp\/v2\/product\/35141","targetHints":{"allow":["GET"]}}],"collection":[{"href":"https:\/\/sventasmiskas.lt\/en\/wp-json\/wp\/v2\/product"}],"about":[{"href":"https:\/\/sventasmiskas.lt\/en\/wp-json\/wp\/v2\/types\/product"}],"wp:featuredmedia":[{"embeddable":true,"href":"https:\/\/sventasmiskas.lt\/en\/wp-json\/wp\/v2\/media\/35164"}],"wp:attachment":[{"href":"https:\/\/sventasmiskas.lt\/en\/wp-json\/wp\/v2\/media?parent=35141"}],"wp:term":[{"taxonomy":"product_brand","embeddable":true,"href":"https:\/\/sventasmiskas.lt\/en\/wp-json\/wp\/v2\/product_brand?post=35141"},{"taxonomy":"product_cat","embeddable":true,"href":"https:\/\/sventasmiskas.lt\/en\/wp-json\/wp\/v2\/product_cat?post=35141"},{"taxonomy":"product_tag","embeddable":true,"href":"https:\/\/sventasmiskas.lt\/en\/wp-json\/wp\/v2\/product_tag?post=35141"}],"curies":[{"name":"wp","href":"https:\/\/api.w.org\/{rel}","templated":true}]}}