{"id":35122,"date":"2025-05-04T13:22:48","date_gmt":"2025-05-04T13:22:48","guid":{"rendered":"https:\/\/sventasmiskas.bool.lt\/shop\/auskarai-ruduo\/"},"modified":"2025-10-28T19:34:36","modified_gmt":"2025-10-28T19:34:36","slug":"auskarai-ruduo","status":"publish","type":"product","link":"https:\/\/sventasmiskas.lt\/en\/parduotuve\/auskarai-ruduo\/","title":{"rendered":"Earrings Autumn"},"content":{"rendered":"<p>\u269c\ufe0e Auskarai bei j\u0173 u\u017esegimai sukurti i\u0161 800 prabos sidabro, sidabras tamsintas.\u269c Auskarai inkrustuoti 5 mm diametro dyd\u017eio sodrios spalvos ametisto akmenimis.\u269c Kiekvieno auskaro lapeliai unikal\u016bs bei skirtingi, formuoti rankomis.\u269c Prabuota Latvijos prabavimo r\u016bmuose.\u269c Auskar\u0173 svoris 6,47 g.\u269c Papuo\u0161alas parduodamas supakuotas medin\u0117je rank\u0173 darbo d\u0117\u017eut\u0117je.<\/p>","protected":false},"excerpt":{"rendered":"<p>\u269c\ufe0e Auskarai bei j\u0173 u\u017esegimai sukurti i\u0161 800 prabos sidabro, sidabras tamsintas.\u269c Auskarai inkrustuoti 5 mm diametro dyd\u017eio sodrios spalvos<\/p>","protected":false},"featured_media":35121,"template":"","meta":[],"product_brand":[],"product_cat":[123],"product_tag":[],"class_list":{"0":"post-35122","1":"product","2":"type-product","3":"status-publish","4":"has-post-thumbnail","6":"product_cat-auskarai","8":"first","9":"outofstock","10":"taxable","11":"shipping-taxable","12":"purchasable","13":"product-type-simple"},"jetpack_sharing_enabled":true,"_links":{"self":[{"href":"https:\/\/sventasmiskas.lt\/en\/wp-json\/wp\/v2\/product\/35122","targetHints":{"allow":["GET"]}}],"collection":[{"href":"https:\/\/sventasmiskas.lt\/en\/wp-json\/wp\/v2\/product"}],"about":[{"href":"https:\/\/sventasmiskas.lt\/en\/wp-json\/wp\/v2\/types\/product"}],"wp:featuredmedia":[{"embeddable":true,"href":"https:\/\/sventasmiskas.lt\/en\/wp-json\/wp\/v2\/media\/35121"}],"wp:attachment":[{"href":"https:\/\/sventasmiskas.lt\/en\/wp-json\/wp\/v2\/media?parent=35122"}],"wp:term":[{"taxonomy":"product_brand","embeddable":true,"href":"https:\/\/sventasmiskas.lt\/en\/wp-json\/wp\/v2\/product_brand?post=35122"},{"taxonomy":"product_cat","embeddable":true,"href":"https:\/\/sventasmiskas.lt\/en\/wp-json\/wp\/v2\/product_cat?post=35122"},{"taxonomy":"product_tag","embeddable":true,"href":"https:\/\/sventasmiskas.lt\/en\/wp-json\/wp\/v2\/product_tag?post=35122"}],"curies":[{"name":"wp","href":"https:\/\/api.w.org\/{rel}","templated":true}]}}