{"id":35109,"date":"2025-05-04T13:22:04","date_gmt":"2025-05-04T13:22:04","guid":{"rendered":"https:\/\/sventasmiskas.bool.lt\/shop\/menulio-magija\/"},"modified":"2025-10-28T19:34:36","modified_gmt":"2025-10-28T19:34:36","slug":"menulio-magija","status":"publish","type":"product","link":"https:\/\/sventasmiskas.lt\/en\/parduotuve\/menulio-magija\/","title":{"rendered":"M\u0117nulio magija"},"content":{"rendered":"<p>\u269c Balto aukso \u017eiedas su nat\u016braliu m\u0117nulio akmeniu.\u269c Dydis 18.\u269c Prabuota Latvijos prabavimo r\u016bmuose, aukso praba 585.\u269c \u017diedo svoris 2,48 g.\u269c Papuo\u0161alas parduodamas supakuotas dovan\u0173 d\u0117\u017eut\u0117je.<\/p>","protected":false},"excerpt":{"rendered":"<p>\u269c Balto aukso \u017eiedas su nat\u016braliu m\u0117nulio akmeniu.\u269c Dydis 18.\u269c Prabuota Latvijos prabavimo r\u016bmuose, aukso praba 585.\u269c \u017diedo svoris 2,48<\/p>","protected":false},"featured_media":35108,"template":"","meta":[],"product_brand":[],"product_cat":[124],"product_tag":[],"class_list":{"0":"post-35109","1":"product","2":"type-product","3":"status-publish","4":"has-post-thumbnail","6":"product_cat-ziedai","8":"first","9":"outofstock","10":"taxable","11":"shipping-taxable","12":"purchasable","13":"product-type-simple"},"jetpack_sharing_enabled":true,"_links":{"self":[{"href":"https:\/\/sventasmiskas.lt\/en\/wp-json\/wp\/v2\/product\/35109","targetHints":{"allow":["GET"]}}],"collection":[{"href":"https:\/\/sventasmiskas.lt\/en\/wp-json\/wp\/v2\/product"}],"about":[{"href":"https:\/\/sventasmiskas.lt\/en\/wp-json\/wp\/v2\/types\/product"}],"wp:featuredmedia":[{"embeddable":true,"href":"https:\/\/sventasmiskas.lt\/en\/wp-json\/wp\/v2\/media\/35108"}],"wp:attachment":[{"href":"https:\/\/sventasmiskas.lt\/en\/wp-json\/wp\/v2\/media?parent=35109"}],"wp:term":[{"taxonomy":"product_brand","embeddable":true,"href":"https:\/\/sventasmiskas.lt\/en\/wp-json\/wp\/v2\/product_brand?post=35109"},{"taxonomy":"product_cat","embeddable":true,"href":"https:\/\/sventasmiskas.lt\/en\/wp-json\/wp\/v2\/product_cat?post=35109"},{"taxonomy":"product_tag","embeddable":true,"href":"https:\/\/sventasmiskas.lt\/en\/wp-json\/wp\/v2\/product_tag?post=35109"}],"curies":[{"name":"wp","href":"https:\/\/api.w.org\/{rel}","templated":true}]}}