{"id":35103,"date":"2025-05-04T13:21:49","date_gmt":"2025-05-04T13:21:49","guid":{"rendered":"https:\/\/sventasmiskas.bool.lt\/shop\/vulkanas\/"},"modified":"2025-10-28T19:34:36","modified_gmt":"2025-10-28T19:34:36","slug":"vulkanas","status":"publish","type":"product","link":"https:\/\/sventasmiskas.lt\/en\/parduotuve\/vulkanas\/","title":{"rendered":"Vulkanas"},"content":{"rendered":"<p>\u269c Unisex juodas titano \u017eiedas su organi\u0161komis tekst\u016bromis.\u269c Titanas itin lengvas, tvirtas, hipoalerginis metalas.\u269c Ilgai i\u0161laiko savo tamsint\u0105 spalv\u0105, fakt\u016bras ir pirmin\u0119 i\u0161vaizd\u0105.\u269c \u017diedo dydis 21,1.\u269c Papuo\u0161alas parduodamas supakuotas medin\u0117je rank\u0173 darbo dovan\u0173 d\u0117\u017eut\u0117je.<\/p>","protected":false},"excerpt":{"rendered":"<p>\u269c Unisex juodas titano \u017eiedas su organi\u0161komis tekst\u016bromis.\u269c Titanas itin lengvas, tvirtas, hipoalerginis metalas.\u269c Ilgai i\u0161laiko savo tamsint\u0105 spalv\u0105, fakt\u016bras<\/p>","protected":false},"featured_media":35102,"template":"","meta":[],"product_brand":[],"product_cat":[124],"product_tag":[],"class_list":{"0":"post-35103","1":"product","2":"type-product","3":"status-publish","4":"has-post-thumbnail","6":"product_cat-ziedai","8":"first","9":"instock","10":"taxable","11":"shipping-taxable","12":"purchasable","13":"product-type-simple"},"jetpack_sharing_enabled":true,"_links":{"self":[{"href":"https:\/\/sventasmiskas.lt\/en\/wp-json\/wp\/v2\/product\/35103","targetHints":{"allow":["GET"]}}],"collection":[{"href":"https:\/\/sventasmiskas.lt\/en\/wp-json\/wp\/v2\/product"}],"about":[{"href":"https:\/\/sventasmiskas.lt\/en\/wp-json\/wp\/v2\/types\/product"}],"wp:featuredmedia":[{"embeddable":true,"href":"https:\/\/sventasmiskas.lt\/en\/wp-json\/wp\/v2\/media\/35102"}],"wp:attachment":[{"href":"https:\/\/sventasmiskas.lt\/en\/wp-json\/wp\/v2\/media?parent=35103"}],"wp:term":[{"taxonomy":"product_brand","embeddable":true,"href":"https:\/\/sventasmiskas.lt\/en\/wp-json\/wp\/v2\/product_brand?post=35103"},{"taxonomy":"product_cat","embeddable":true,"href":"https:\/\/sventasmiskas.lt\/en\/wp-json\/wp\/v2\/product_cat?post=35103"},{"taxonomy":"product_tag","embeddable":true,"href":"https:\/\/sventasmiskas.lt\/en\/wp-json\/wp\/v2\/product_tag?post=35103"}],"curies":[{"name":"wp","href":"https:\/\/api.w.org\/{rel}","templated":true}]}}