{"id":35072,"date":"2025-05-04T13:19:44","date_gmt":"2025-05-04T13:19:44","guid":{"rendered":"https:\/\/sventasmiskas.bool.lt\/shop\/zalcio-apyranke\/"},"modified":"2025-10-28T19:34:36","modified_gmt":"2025-10-28T19:34:36","slug":"zalcio-apyranke","status":"publish","type":"product","link":"https:\/\/sventasmiskas.lt\/en\/parduotuve\/zalcio-apyranke\/","title":{"rendered":"\u017dal\u010dio apyrank\u0117"},"content":{"rendered":"<p>\u269c\ufe0e Unikalus papuo\u0161alas sukurtas panaudojus tikro \u017eal\u010dio form\u0105. Ant kelio vasaros metu radau \u017ealt\u012f partrenkt\u0105 ma\u0161inos. Tuomet jis buvo panaudotas k\u016bryboje &#8211; jo forma specialiais metodais nuimta ir atlieta i\u0161 925 prabos tamsinto sidabro. \u269c\ufe0e \u0160i apyrank\u0117 fotografuota ant 15,5 cm diametro skersmens rankos. Bet kadangi papuo\u0161alas yra atviro tipo, j\u012f galima pritaikyti kitokiam rankos diametrui papuo\u0161al\u0105 suspaud\u017eiant arba i\u0161ple\u010diant.\u269c\ufe0e Papuo\u0161alas sveria 14,5 g, aki\u0173 vietose yra inkrustuoti ma\u017ei juodi akmenys (1 mm dyd\u017eio). Prabuota Lietuvos prabavimo r\u016bmuose. \u269c\ufe0e Apyrank\u0117s parduodamos limituotu tira\u017eu. \u269c\ufe0e Pirkdami \u0161\u012f papuo\u0161al\u0105 prisidedate prie laukini\u0173 gyv\u016bn\u0173 apsaugos. Nuo kiekvienos parduotos apyrank\u0117s 20 % pardavimo sumos yra aukoja organizacijai &#8222;Gyv\u016bn\u0173 gerov\u0117s iniciatyvos, V\u0161\u012f&#8221;. Pirk\u0117jui elektroniniu pa\u0161tu atsiun\u010diama pavedimo kopija.<\/p>","protected":false},"excerpt":{"rendered":"<p>\u269c\ufe0e Unikalus papuo\u0161alas sukurtas panaudojus tikro \u017eal\u010dio form\u0105. Ant kelio vasaros metu radau \u017ealt\u012f partrenkt\u0105 ma\u0161inos. Tuomet jis buvo panaudotas<\/p>","protected":false},"featured_media":35071,"template":"","meta":[],"product_brand":[],"product_cat":[139],"product_tag":[],"class_list":{"0":"post-35072","1":"product","2":"type-product","3":"status-publish","4":"has-post-thumbnail","6":"product_cat-apyrankes","8":"first","9":"outofstock","10":"taxable","11":"shipping-taxable","12":"purchasable","13":"product-type-simple"},"jetpack_sharing_enabled":true,"_links":{"self":[{"href":"https:\/\/sventasmiskas.lt\/en\/wp-json\/wp\/v2\/product\/35072","targetHints":{"allow":["GET"]}}],"collection":[{"href":"https:\/\/sventasmiskas.lt\/en\/wp-json\/wp\/v2\/product"}],"about":[{"href":"https:\/\/sventasmiskas.lt\/en\/wp-json\/wp\/v2\/types\/product"}],"wp:featuredmedia":[{"embeddable":true,"href":"https:\/\/sventasmiskas.lt\/en\/wp-json\/wp\/v2\/media\/35071"}],"wp:attachment":[{"href":"https:\/\/sventasmiskas.lt\/en\/wp-json\/wp\/v2\/media?parent=35072"}],"wp:term":[{"taxonomy":"product_brand","embeddable":true,"href":"https:\/\/sventasmiskas.lt\/en\/wp-json\/wp\/v2\/product_brand?post=35072"},{"taxonomy":"product_cat","embeddable":true,"href":"https:\/\/sventasmiskas.lt\/en\/wp-json\/wp\/v2\/product_cat?post=35072"},{"taxonomy":"product_tag","embeddable":true,"href":"https:\/\/sventasmiskas.lt\/en\/wp-json\/wp\/v2\/product_tag?post=35072"}],"curies":[{"name":"wp","href":"https:\/\/api.w.org\/{rel}","templated":true}]}}