{"id":35067,"date":"2025-05-04T13:19:23","date_gmt":"2025-05-04T13:19:23","guid":{"rendered":"https:\/\/sventasmiskas.bool.lt\/shop\/zalioji-gija\/"},"modified":"2025-10-28T19:34:36","modified_gmt":"2025-10-28T19:34:36","slug":"zalioji-gija","status":"publish","type":"product","link":"https:\/\/sventasmiskas.lt\/en\/parduotuve\/zalioji-gija\/","title":{"rendered":"Green thread"},"content":{"rendered":"<p>\u269c Vienetinis tamsinto sidabro v\u0117rinys su \u017eal\u010diu ir su zoicito ir onikso akmeniniais karoliukais. \u269c V\u0117rinio ilgis 45 cm.\u269c Prabuota Latvijos prabavimo r\u016bmuose, papuo\u0161alo svoris 25,11 g.\u269c Papuo\u0161alas parduodamas supakuotas medin\u0117je rank\u0173 darbo dovan\u0173 d\u0117\u017eut\u0117je.<\/p>","protected":false},"excerpt":{"rendered":"<p>\u269c Vienetinis tamsinto sidabro v\u0117rinys su \u017eal\u010diu ir su zoicito ir onikso akmeniniais karoliukais. \u269c V\u0117rinio ilgis 45 cm.\u269c Prabuota<\/p>","protected":false},"featured_media":35066,"template":"","meta":[],"product_brand":[],"product_cat":[125],"product_tag":[],"class_list":{"0":"post-35067","1":"product","2":"type-product","3":"status-publish","4":"has-post-thumbnail","6":"product_cat-kaklo-papuosalai","8":"first","9":"instock","10":"taxable","11":"shipping-taxable","12":"purchasable","13":"product-type-simple"},"jetpack_sharing_enabled":true,"_links":{"self":[{"href":"https:\/\/sventasmiskas.lt\/en\/wp-json\/wp\/v2\/product\/35067","targetHints":{"allow":["GET"]}}],"collection":[{"href":"https:\/\/sventasmiskas.lt\/en\/wp-json\/wp\/v2\/product"}],"about":[{"href":"https:\/\/sventasmiskas.lt\/en\/wp-json\/wp\/v2\/types\/product"}],"wp:featuredmedia":[{"embeddable":true,"href":"https:\/\/sventasmiskas.lt\/en\/wp-json\/wp\/v2\/media\/35066"}],"wp:attachment":[{"href":"https:\/\/sventasmiskas.lt\/en\/wp-json\/wp\/v2\/media?parent=35067"}],"wp:term":[{"taxonomy":"product_brand","embeddable":true,"href":"https:\/\/sventasmiskas.lt\/en\/wp-json\/wp\/v2\/product_brand?post=35067"},{"taxonomy":"product_cat","embeddable":true,"href":"https:\/\/sventasmiskas.lt\/en\/wp-json\/wp\/v2\/product_cat?post=35067"},{"taxonomy":"product_tag","embeddable":true,"href":"https:\/\/sventasmiskas.lt\/en\/wp-json\/wp\/v2\/product_tag?post=35067"}],"curies":[{"name":"wp","href":"https:\/\/api.w.org\/{rel}","templated":true}]}}