{"id":35065,"date":"2025-05-04T13:19:21","date_gmt":"2025-05-04T13:19:21","guid":{"rendered":"https:\/\/sventasmiskas.bool.lt\/shop\/zara\/"},"modified":"2025-10-28T19:34:36","modified_gmt":"2025-10-28T19:34:36","slug":"zara","status":"publish","type":"product","link":"https:\/\/sventasmiskas.lt\/en\/parduotuve\/zara\/","title":{"rendered":"\u017dara"},"content":{"rendered":"<p>\u269c\ufe0e Vienetinis sidabro \u017eiedas su 5 nat\u016braliais tamsiai raudonais granato akmenimis.\u269c\ufe0e Sukurta i\u0161 925 ir 999 prabos sidabro, sveria 2,72 g.\u269c\ufe0e \u017diedo dydis 16,2.\u269c\ufe0e Prabuota Latvijos prabavimo r\u016bmuose.\u269c Papuo\u0161alas parduodamas supakuotas medin\u0117je rank\u0173 darbo dovan\u0173 d\u0117\u017eut\u0117je.<\/p>","protected":false},"excerpt":{"rendered":"<p>\u269c\ufe0e Vienetinis sidabro \u017eiedas su 5 nat\u016braliais tamsiai raudonais granato akmenimis.\u269c\ufe0e Sukurta i\u0161 925 ir 999 prabos sidabro, sveria 2,72<\/p>","protected":false},"featured_media":35064,"template":"","meta":[],"product_brand":[],"product_cat":[124],"product_tag":[],"class_list":{"0":"post-35065","1":"product","2":"type-product","3":"status-publish","4":"has-post-thumbnail","6":"product_cat-ziedai","8":"first","9":"instock","10":"taxable","11":"shipping-taxable","12":"purchasable","13":"product-type-simple"},"jetpack_sharing_enabled":true,"_links":{"self":[{"href":"https:\/\/sventasmiskas.lt\/en\/wp-json\/wp\/v2\/product\/35065","targetHints":{"allow":["GET"]}}],"collection":[{"href":"https:\/\/sventasmiskas.lt\/en\/wp-json\/wp\/v2\/product"}],"about":[{"href":"https:\/\/sventasmiskas.lt\/en\/wp-json\/wp\/v2\/types\/product"}],"wp:featuredmedia":[{"embeddable":true,"href":"https:\/\/sventasmiskas.lt\/en\/wp-json\/wp\/v2\/media\/35064"}],"wp:attachment":[{"href":"https:\/\/sventasmiskas.lt\/en\/wp-json\/wp\/v2\/media?parent=35065"}],"wp:term":[{"taxonomy":"product_brand","embeddable":true,"href":"https:\/\/sventasmiskas.lt\/en\/wp-json\/wp\/v2\/product_brand?post=35065"},{"taxonomy":"product_cat","embeddable":true,"href":"https:\/\/sventasmiskas.lt\/en\/wp-json\/wp\/v2\/product_cat?post=35065"},{"taxonomy":"product_tag","embeddable":true,"href":"https:\/\/sventasmiskas.lt\/en\/wp-json\/wp\/v2\/product_tag?post=35065"}],"curies":[{"name":"wp","href":"https:\/\/api.w.org\/{rel}","templated":true}]}}