{"id":35032,"date":"2025-05-04T13:17:50","date_gmt":"2025-05-04T13:17:50","guid":{"rendered":"https:\/\/sventasmiskas.bool.lt\/shop\/tyla-virs-ledo\/"},"modified":"2025-10-28T19:34:36","modified_gmt":"2025-10-28T19:34:36","slug":"tyla-virs-ledo","status":"publish","type":"product","link":"https:\/\/sventasmiskas.lt\/en\/parduotuve\/tyla-virs-ledo\/","title":{"rendered":"Tyla vir\u0161 ledo"},"content":{"rendered":"<p>\u269c\ufe0e I\u0161skirtinio dizaino vienetinis mokume-gane technikos \u017eiedas i\u0161 \u012fvairi\u0173 metal\u0173 lydini\u0173.\u269c\ufe0e \u017diedo dydis 20,8  ir \u017eiedo plotis varijuoja nuo 5,1 iki 6,8 mm\u269c Papuo\u0161alas parduodamas supakuotas medin\u0117je rank\u0173 darbo dovan\u0173 d\u0117\u017eut\u0117je.<\/p>","protected":false},"excerpt":{"rendered":"<p>\u269c\ufe0e I\u0161skirtinio dizaino vienetinis mokume-gane technikos \u017eiedas i\u0161 \u012fvairi\u0173 metal\u0173 lydini\u0173.\u269c\ufe0e \u017diedo dydis 20,8 ir \u017eiedo plotis varijuoja nuo 5,1<\/p>","protected":false},"featured_media":35031,"template":"","meta":[],"product_brand":[],"product_cat":[124],"product_tag":[],"class_list":{"0":"post-35032","1":"product","2":"type-product","3":"status-publish","4":"has-post-thumbnail","6":"product_cat-ziedai","8":"first","9":"outofstock","10":"taxable","11":"shipping-taxable","12":"purchasable","13":"product-type-simple"},"jetpack_sharing_enabled":true,"_links":{"self":[{"href":"https:\/\/sventasmiskas.lt\/en\/wp-json\/wp\/v2\/product\/35032","targetHints":{"allow":["GET"]}}],"collection":[{"href":"https:\/\/sventasmiskas.lt\/en\/wp-json\/wp\/v2\/product"}],"about":[{"href":"https:\/\/sventasmiskas.lt\/en\/wp-json\/wp\/v2\/types\/product"}],"wp:featuredmedia":[{"embeddable":true,"href":"https:\/\/sventasmiskas.lt\/en\/wp-json\/wp\/v2\/media\/35031"}],"wp:attachment":[{"href":"https:\/\/sventasmiskas.lt\/en\/wp-json\/wp\/v2\/media?parent=35032"}],"wp:term":[{"taxonomy":"product_brand","embeddable":true,"href":"https:\/\/sventasmiskas.lt\/en\/wp-json\/wp\/v2\/product_brand?post=35032"},{"taxonomy":"product_cat","embeddable":true,"href":"https:\/\/sventasmiskas.lt\/en\/wp-json\/wp\/v2\/product_cat?post=35032"},{"taxonomy":"product_tag","embeddable":true,"href":"https:\/\/sventasmiskas.lt\/en\/wp-json\/wp\/v2\/product_tag?post=35032"}],"curies":[{"name":"wp","href":"https:\/\/api.w.org\/{rel}","templated":true}]}}