{"id":35030,"date":"2025-05-04T13:17:46","date_gmt":"2025-05-04T13:17:46","guid":{"rendered":"https:\/\/sventasmiskas.bool.lt\/?post_type=product&#038;p=35030"},"modified":"2025-10-28T19:34:41","modified_gmt":"2025-10-28T19:34:41","slug":"dangiskasis-globejas","status":"publish","type":"product","link":"https:\/\/sventasmiskas.lt\/en\/parduotuve\/dangiskasis-globejas\/","title":{"rendered":"Heavenly guardian"},"content":{"rendered":"<p>\u269c Nedidelis sidabro pakabukas su 1,3 mm dyd\u017eio cirkoniu. \u269c Prabuota Latvijos prabavimo r\u016bmuose. Sidabro praba 925, pakabuko su grandin\u0117le svoris 3,63 g. \u269c Papuo\u0161alas parduodamas supakuotas dovan\u0173 d\u0117\u017eut\u0117je.<\/p>","protected":false},"excerpt":{"rendered":"<p>\u269c Nedidelis sidabro pakabukas su 1,3 mm dyd\u017eio cirkoniu. \u269c Prabuota Latvijos prabavimo r\u016bmuose. Sidabro praba 925, pakabuko su grandin\u0117le<\/p>","protected":false},"featured_media":35131,"template":"","meta":[],"product_brand":[],"product_cat":[125],"product_tag":[],"class_list":{"0":"post-35030","1":"product","2":"type-product","3":"status-publish","4":"has-post-thumbnail","6":"product_cat-kaklo-papuosalai","8":"first","9":"outofstock","10":"taxable","11":"shipping-taxable","12":"purchasable","13":"product-type-variable"},"jetpack_sharing_enabled":true,"_links":{"self":[{"href":"https:\/\/sventasmiskas.lt\/en\/wp-json\/wp\/v2\/product\/35030","targetHints":{"allow":["GET"]}}],"collection":[{"href":"https:\/\/sventasmiskas.lt\/en\/wp-json\/wp\/v2\/product"}],"about":[{"href":"https:\/\/sventasmiskas.lt\/en\/wp-json\/wp\/v2\/types\/product"}],"wp:featuredmedia":[{"embeddable":true,"href":"https:\/\/sventasmiskas.lt\/en\/wp-json\/wp\/v2\/media\/35131"}],"wp:attachment":[{"href":"https:\/\/sventasmiskas.lt\/en\/wp-json\/wp\/v2\/media?parent=35030"}],"wp:term":[{"taxonomy":"product_brand","embeddable":true,"href":"https:\/\/sventasmiskas.lt\/en\/wp-json\/wp\/v2\/product_brand?post=35030"},{"taxonomy":"product_cat","embeddable":true,"href":"https:\/\/sventasmiskas.lt\/en\/wp-json\/wp\/v2\/product_cat?post=35030"},{"taxonomy":"product_tag","embeddable":true,"href":"https:\/\/sventasmiskas.lt\/en\/wp-json\/wp\/v2\/product_tag?post=35030"}],"curies":[{"name":"wp","href":"https:\/\/api.w.org\/{rel}","templated":true}]}}