{"id":35028,"date":"2025-05-04T13:17:40","date_gmt":"2025-05-04T13:17:40","guid":{"rendered":"https:\/\/sventasmiskas.bool.lt\/shop\/granato-liepsna\/"},"modified":"2025-10-28T19:34:36","modified_gmt":"2025-10-28T19:34:36","slug":"granato-liepsna","status":"publish","type":"product","link":"https:\/\/sventasmiskas.lt\/en\/parduotuve\/granato-liepsna\/","title":{"rendered":"Pomegranate Flame"},"content":{"rendered":"<p>\u269c\ufe0e Sidabro \u017eiedas su granato akmeniu.\u269c\ufe0e Sukurta i\u0161 925 prabos sidabro.\u269c\ufe0e \u017diedo dydis 16,8 (esant poreikiui gali b\u016bti \u0161iek tiek didinamas).\u269c\ufe0e Prabuota Latvijos prabavimo r\u016bmuose.\u269c Papuo\u0161alas parduodamas supakuotas medin\u0117je rank\u0173 darbo dovan\u0173 d\u0117\u017eut\u0117je.<\/p>","protected":false},"excerpt":{"rendered":"<p>\u269c\ufe0e Sidabro \u017eiedas su granato akmeniu.\u269c\ufe0e Sukurta i\u0161 925 prabos sidabro.\u269c\ufe0e \u017diedo dydis 16,8 (esant poreikiui gali b\u016bti \u0161iek tiek<\/p>","protected":false},"featured_media":35027,"template":"","meta":[],"product_brand":[],"product_cat":[124],"product_tag":[],"class_list":{"0":"post-35028","1":"product","2":"type-product","3":"status-publish","4":"has-post-thumbnail","6":"product_cat-ziedai","8":"first","9":"instock","10":"taxable","11":"shipping-taxable","12":"purchasable","13":"product-type-simple"},"jetpack_sharing_enabled":true,"_links":{"self":[{"href":"https:\/\/sventasmiskas.lt\/en\/wp-json\/wp\/v2\/product\/35028","targetHints":{"allow":["GET"]}}],"collection":[{"href":"https:\/\/sventasmiskas.lt\/en\/wp-json\/wp\/v2\/product"}],"about":[{"href":"https:\/\/sventasmiskas.lt\/en\/wp-json\/wp\/v2\/types\/product"}],"wp:featuredmedia":[{"embeddable":true,"href":"https:\/\/sventasmiskas.lt\/en\/wp-json\/wp\/v2\/media\/35027"}],"wp:attachment":[{"href":"https:\/\/sventasmiskas.lt\/en\/wp-json\/wp\/v2\/media?parent=35028"}],"wp:term":[{"taxonomy":"product_brand","embeddable":true,"href":"https:\/\/sventasmiskas.lt\/en\/wp-json\/wp\/v2\/product_brand?post=35028"},{"taxonomy":"product_cat","embeddable":true,"href":"https:\/\/sventasmiskas.lt\/en\/wp-json\/wp\/v2\/product_cat?post=35028"},{"taxonomy":"product_tag","embeddable":true,"href":"https:\/\/sventasmiskas.lt\/en\/wp-json\/wp\/v2\/product_tag?post=35028"}],"curies":[{"name":"wp","href":"https:\/\/api.w.org\/{rel}","templated":true}]}}