{"id":35020,"date":"2025-05-04T13:17:26","date_gmt":"2025-05-04T13:17:26","guid":{"rendered":"https:\/\/sventasmiskas.bool.lt\/shop\/debesu-pieva\/"},"modified":"2025-10-28T19:34:36","modified_gmt":"2025-10-28T19:34:36","slug":"debesu-pieva","status":"publish","type":"product","link":"https:\/\/sventasmiskas.lt\/en\/parduotuve\/debesu-pieva\/","title":{"rendered":"Debes\u0173 pieva"},"content":{"rendered":"<p>\u269c Vienetinis gamti\u0161ko stiliaus sidabro \u017eiedas.\u269c \u017diedas su 5 mm dyd\u017eio m\u0117lynos spalvos topazu. \u0160onuose \u012fd\u0117ti 2 labaratoriniai moisonitai, kuri\u0173 dydis 2,2 mm.\u269c Prabuota Latvijos prabavimo r\u016bmuose, sidabro praba 925, \u017eiedas sveria 2,6 g.\u269c Dydis 18.\u269c Papuo\u0161alas parduodamas supakuotas medin\u0117je rank\u0173 darbo d\u0117\u017eut\u0117je.<\/p>","protected":false},"excerpt":{"rendered":"<p>\u269c Vienetinis gamti\u0161ko stiliaus sidabro \u017eiedas.\u269c \u017diedas su 5 mm dyd\u017eio m\u0117lynos spalvos topazu. \u0160onuose \u012fd\u0117ti 2 labaratoriniai moisonitai, kuri\u0173<\/p>","protected":false},"featured_media":35019,"template":"","meta":[],"product_brand":[],"product_cat":[124],"product_tag":[],"class_list":{"0":"post-35020","1":"product","2":"type-product","3":"status-publish","4":"has-post-thumbnail","6":"product_cat-ziedai","8":"first","9":"outofstock","10":"taxable","11":"shipping-taxable","12":"purchasable","13":"product-type-simple"},"jetpack_sharing_enabled":true,"_links":{"self":[{"href":"https:\/\/sventasmiskas.lt\/en\/wp-json\/wp\/v2\/product\/35020","targetHints":{"allow":["GET"]}}],"collection":[{"href":"https:\/\/sventasmiskas.lt\/en\/wp-json\/wp\/v2\/product"}],"about":[{"href":"https:\/\/sventasmiskas.lt\/en\/wp-json\/wp\/v2\/types\/product"}],"wp:featuredmedia":[{"embeddable":true,"href":"https:\/\/sventasmiskas.lt\/en\/wp-json\/wp\/v2\/media\/35019"}],"wp:attachment":[{"href":"https:\/\/sventasmiskas.lt\/en\/wp-json\/wp\/v2\/media?parent=35020"}],"wp:term":[{"taxonomy":"product_brand","embeddable":true,"href":"https:\/\/sventasmiskas.lt\/en\/wp-json\/wp\/v2\/product_brand?post=35020"},{"taxonomy":"product_cat","embeddable":true,"href":"https:\/\/sventasmiskas.lt\/en\/wp-json\/wp\/v2\/product_cat?post=35020"},{"taxonomy":"product_tag","embeddable":true,"href":"https:\/\/sventasmiskas.lt\/en\/wp-json\/wp\/v2\/product_tag?post=35020"}],"curies":[{"name":"wp","href":"https:\/\/api.w.org\/{rel}","templated":true}]}}