{"id":35010,"date":"2025-05-04T13:16:46","date_gmt":"2025-05-04T13:16:46","guid":{"rendered":"https:\/\/sventasmiskas.bool.lt\/shop\/kaulu-karoliai\/"},"modified":"2025-10-28T19:34:36","modified_gmt":"2025-10-28T19:34:36","slug":"kaulu-karoliai","status":"publish","type":"product","link":"https:\/\/sventasmiskas.lt\/en\/parduotuve\/kaulu-karoliai\/","title":{"rendered":"Bone necklace"},"content":{"rendered":"<p>Masyv\u016bs karoliai sukurti i\u0161 kaul\u0173. Dengti variu, tada sidabru. Detal\u0117s i\u0161 medvilnin\u0117s virv\u0117s, u\u017esegimas i\u0161 sidabro. Karoli\u0173 svoris 160 g, bendras ilgis 66 cm.<\/p>","protected":false},"excerpt":{"rendered":"<p>Masyv\u016bs karoliai sukurti i\u0161 kaul\u0173. Dengti variu, tada sidabru. Detal\u0117s i\u0161 medvilnin\u0117s virv\u0117s, u\u017esegimas i\u0161 sidabro. Karoli\u0173 svoris 160 g,<\/p>","protected":false},"featured_media":35009,"template":"","meta":[],"product_brand":[],"product_cat":[125],"product_tag":[],"class_list":{"0":"post-35010","1":"product","2":"type-product","3":"status-publish","4":"has-post-thumbnail","6":"product_cat-kaklo-papuosalai","8":"first","9":"instock","10":"taxable","11":"shipping-taxable","12":"purchasable","13":"product-type-simple"},"jetpack_sharing_enabled":true,"_links":{"self":[{"href":"https:\/\/sventasmiskas.lt\/en\/wp-json\/wp\/v2\/product\/35010","targetHints":{"allow":["GET"]}}],"collection":[{"href":"https:\/\/sventasmiskas.lt\/en\/wp-json\/wp\/v2\/product"}],"about":[{"href":"https:\/\/sventasmiskas.lt\/en\/wp-json\/wp\/v2\/types\/product"}],"wp:featuredmedia":[{"embeddable":true,"href":"https:\/\/sventasmiskas.lt\/en\/wp-json\/wp\/v2\/media\/35009"}],"wp:attachment":[{"href":"https:\/\/sventasmiskas.lt\/en\/wp-json\/wp\/v2\/media?parent=35010"}],"wp:term":[{"taxonomy":"product_brand","embeddable":true,"href":"https:\/\/sventasmiskas.lt\/en\/wp-json\/wp\/v2\/product_brand?post=35010"},{"taxonomy":"product_cat","embeddable":true,"href":"https:\/\/sventasmiskas.lt\/en\/wp-json\/wp\/v2\/product_cat?post=35010"},{"taxonomy":"product_tag","embeddable":true,"href":"https:\/\/sventasmiskas.lt\/en\/wp-json\/wp\/v2\/product_tag?post=35010"}],"curies":[{"name":"wp","href":"https:\/\/api.w.org\/{rel}","templated":true}]}}