{"id":35002,"date":"2025-05-04T13:16:44","date_gmt":"2025-05-04T13:16:44","guid":{"rendered":"https:\/\/sventasmiskas.bool.lt\/?post_type=product&#038;p=35002"},"modified":"2025-10-28T19:34:41","modified_gmt":"2025-10-28T19:34:41","slug":"piku-dama-iii","status":"publish","type":"product","link":"https:\/\/sventasmiskas.lt\/en\/parduotuve\/piku-dama-iii\/","title":{"rendered":"Pik\u0173 dama III"},"content":{"rendered":"<p>\u269c Nedidelis (13 mm ilgis) sidabro pakabukas su organi\u0161komis tekst\u016bromis.\u269c Pakabukas dengtas 5 mikron\u0173 storio gryno aukso sluoksniu.\u269c Sukurta i\u0161 925 prabos sidabro, prabuota Lietuvos prabavimo r\u016bmuose, sveria 1,45 g su grandin\u0117le.\u269c Papuo\u0161alas parduodamas supakuotas dovan\u0173 pakuot\u0117je.<\/p>","protected":false},"excerpt":{"rendered":"<p>\u269c Nedidelis (13 mm ilgis) sidabro pakabukas su organi\u0161komis tekst\u016bromis.\u269c Pakabukas dengtas 5 mikron\u0173 storio gryno aukso sluoksniu.\u269c Sukurta i\u0161<\/p>","protected":false},"featured_media":35105,"template":"","meta":[],"product_brand":[],"product_cat":[125],"product_tag":[],"class_list":{"0":"post-35002","1":"product","2":"type-product","3":"status-publish","4":"has-post-thumbnail","6":"product_cat-kaklo-papuosalai","8":"first","9":"instock","10":"taxable","11":"shipping-taxable","12":"purchasable","13":"product-type-variable"},"jetpack_sharing_enabled":true,"_links":{"self":[{"href":"https:\/\/sventasmiskas.lt\/en\/wp-json\/wp\/v2\/product\/35002","targetHints":{"allow":["GET"]}}],"collection":[{"href":"https:\/\/sventasmiskas.lt\/en\/wp-json\/wp\/v2\/product"}],"about":[{"href":"https:\/\/sventasmiskas.lt\/en\/wp-json\/wp\/v2\/types\/product"}],"wp:featuredmedia":[{"embeddable":true,"href":"https:\/\/sventasmiskas.lt\/en\/wp-json\/wp\/v2\/media\/35105"}],"wp:attachment":[{"href":"https:\/\/sventasmiskas.lt\/en\/wp-json\/wp\/v2\/media?parent=35002"}],"wp:term":[{"taxonomy":"product_brand","embeddable":true,"href":"https:\/\/sventasmiskas.lt\/en\/wp-json\/wp\/v2\/product_brand?post=35002"},{"taxonomy":"product_cat","embeddable":true,"href":"https:\/\/sventasmiskas.lt\/en\/wp-json\/wp\/v2\/product_cat?post=35002"},{"taxonomy":"product_tag","embeddable":true,"href":"https:\/\/sventasmiskas.lt\/en\/wp-json\/wp\/v2\/product_tag?post=35002"}],"curies":[{"name":"wp","href":"https:\/\/api.w.org\/{rel}","templated":true}]}}